{"id":1113,"date":"2023-03-21T07:36:31","date_gmt":"2023-03-21T07:36:31","guid":{"rendered":"https:\/\/vcycletech.com\/?post_type=product&#038;p=1113"},"modified":"2023-03-21T07:38:32","modified_gmt":"2023-03-21T07:38:32","slug":"sodio-sal-de-2-acrilamido-2-metilpropano-sulfonico-acido-atbs-na","status":"publish","type":"product","link":"https:\/\/vcycletech.com\/es\/producto\/sodio-sal-de-2-acrilamido-2-metilpropano-sulfonico-acido-atbs-na\/","title":{"rendered":"Sal de sodio del \u00e1cido 2-acrilamido-2-metilpropano sulf\u00f3nico (ATBS.Na)"},"content":{"rendered":"<h3>N\u00ba CAS 5165-97-9<\/h3>\n<h3>F\u00f3rmula estructural qu\u00edmica de Atbs:<\/h3>\n<p><img fetchpriority=\"high\" decoding=\"async\" class=\"alignnone size-full wp-image-1121\" src=\"https:\/\/vcycletech.com\/wp-content\/uploads\/2023\/03\/Structural-Formula-7.png\" alt=\"Sal de sodio del \u00e1cido 2-acrilamido-2-metilpropano sulf\u00f3nico (ATBS.Na) F\u00f3rmula estructural\" width=\"1400\" height=\"450\" srcset=\"https:\/\/vcycletech.com\/wp-content\/uploads\/2023\/03\/Structural-Formula-7.png 1400w, https:\/\/vcycletech.com\/wp-content\/uploads\/2023\/03\/Structural-Formula-7-600x193.png 600w, https:\/\/vcycletech.com\/wp-content\/uploads\/2023\/03\/Structural-Formula-7-300x96.png 300w, https:\/\/vcycletech.com\/wp-content\/uploads\/2023\/03\/Structural-Formula-7-1024x329.png 1024w, https:\/\/vcycletech.com\/wp-content\/uploads\/2023\/03\/Structural-Formula-7-768x247.png 768w\" sizes=\"(max-width: 1400px) 100vw, 1400px\" \/><\/p>\n<h3>Propiedades:<\/h3>\n<p>ATBS.Na es un surfactante polimerizable hidrof\u00edlico altamente reactivo con propiedades electrol\u00edticas \u00fanicas. Se adsorbe en las part\u00edculas de l\u00e1tex formadas en la ionosfera, aumentando su estabilidad. Con el uso de ATBS.Na, es posible reemplazar los mon\u00f3meros de \u00e1cido carbox\u00edlico como el \u00e1cido acr\u00edlico o el \u00e1cido metacr\u00edlico sin comprometer la estabilidad mec\u00e1nica y la resistencia a los cationes divalentes en los sistemas de emulsiones acr\u00edlico, acetato de vinilo-acrilato y estireno-acr\u00edlico. Adem\u00e1s, ATBS.Na tiene buena resistencia a la hidr\u00f3lisis y estabilidad t\u00e9rmica e imparte una calidez suave, flexible y c\u00f3moda a los recubrimientos cuando se agregan emulsiones. Tambi\u00e9n proporciona una mayor tolerancia a la abrasi\u00f3n de la capa de revestimiento.<\/p>\n<h3>Especificaci\u00f3n:<\/h3>\n<div id=\"footable_parent_1131\"\n         class=\"footable_parent ninja_table_wrapper loading_ninja_table wp_table_data_press_parent semantic_ui\">\n                <table data-ninja_table_instance=\"ninja_table_instance_0\" data-footable_id=\"1131\" data-filter-delay=\"1000\" aria-label=\"Sal de sodio ATBS (ATBS.Na).csv\"            id=\"footable_1131\"\n           data-unique_identifier=\"ninja_table_unique_id_4245121379_1131\"\n           class=\"foo-table ninja_footable foo_table_1131 ninja_table_unique_id_4245121379_1131 ui table  nt_type_legacy_table selectable striped vertical_centered  footable-paging-right ninja_table_pro\">\n                <colgroup>\n                            <col class=\"ninja_column_0\">\n                            <col class=\"ninja_column_1\">\n                    <\/colgroup>\n        <thead>\n<tr class=\"footable-header\">\n                                        <th scope=\"col\"  class=\"ninja_column_0 ninja_clmn_nm_items\">Art\u00edculos<\/th><th scope=\"col\"  class=\"ninja_column_1 ninja_clmn_nm_index\">\u00cdndice<\/th><\/tr>\n<\/thead>\n<tbody>\n\n        <tr data-row_id=\"232\" class=\"ninja_table_row_0 nt_row_id_232\">\n            <td>Apariencia<\/td><td>L\u00edquido transparente incoloro a amarillo claro<\/td>        <\/tr>\n            <tr data-row_id=\"233\" class=\"ninja_table_row_1 nt_row_id_233\">\n            <td>Contenido s\u00f3lido, %<\/td><td>50 minutos<\/td>        <\/tr>\n            <tr data-row_id=\"234\" class=\"ninja_table_row_2 nt_row_id_234\">\n            <td>Viscosidad (mpas)<\/td><td>20 m\u00e1x.<\/td>        <\/tr>\n            <tr data-row_id=\"235\" class=\"ninja_table_row_3 nt_row_id_235\">\n            <td>Densidad (20 \u2103), g\/cm3<\/td><td>1.18-1.23<\/td>        <\/tr>\n            <tr data-row_id=\"236\" class=\"ninja_table_row_4 nt_row_id_236\">\n            <td>valor pH<\/td><td>8.0-10.0<\/td>        <\/tr>\n    <\/tbody><!--ninja_tobody_rendering_done-->\n    <\/table>\n    \n    \n    \n<\/div>\n\n<h3>Preguntas frecuentes<\/h3>\n<h4>\u00bfQu\u00e9 es ATBS.Na?<\/h4>\n<p>ATBS.Na es la sal de sodio del \u00e1cido 2-acrilamido-2-metilpropano sulf\u00f3nico. Es un polvo blanco soluble en agua que se utiliza como agente floculante, emulsionante y dispersante.<\/p>\n<h4>\u00bfCu\u00e1les son las propiedades de ATBS.Na?<\/h4>\n<p>ATBS.Na tiene un peso molecular de 376,38 y un punto de fusi\u00f3n de 235-240 grados Celsius. Es soluble en agua e insoluble en disolventes org\u00e1nicos como el etanol y la acetona.<\/p>\n<h4>\u00bfCu\u00e1les son los usos de ATBS.Na?<\/h4>\n<p>ATBS.Na se utiliza como agente floculante en el tratamiento del agua, emulsionante en cosm\u00e9ticos y productos farmac\u00e9uticos, y agente dispersante en pinturas y revestimientos.<\/p>\n<h4>\u00bfC\u00f3mo funciona ATBS.Na?<\/h4>\n<p>ATBS.Na funciona uni\u00e9ndose a las part\u00edculas en el agua, lo que hace que se agrupen (floculen). Esto facilita la eliminaci\u00f3n de las part\u00edculas del agua mediante filtraci\u00f3n o sedimentaci\u00f3n.<\/p>\n<h4>\u00bfCu\u00e1les son los beneficios de usar ATBS.Na?<\/h4>\n<p>El principal beneficio de usar ATBS.Na es que puede ayudar a mejorar la claridad del agua al eliminar las part\u00edculas en suspensi\u00f3n. Tambi\u00e9n puede ayudar a estabilizar las emulsiones y evitar que se separen en sus componentes.<\/p>\n<h4>\u00bfCu\u00e1les son los efectos secundarios de ATBS.Na?<\/h4>\n<p>No se conocen efectos secundarios asociados con ATBS.Na cuando se usa en los niveles recomendados. Sin embargo, el uso excesivo puede resultar en agua turbia debido a la floculaci\u00f3n excesiva.<\/p>\n<h4>\u00bfEs ATBS seguro para el consumo humano?<\/h4>\n<p>No, el ATBS no debe ser consumido por humanos o animales debido a su potencial toxicidad.<\/p>","protected":false},"excerpt":{"rendered":"<p class=\"my-0.5\"><strong>Sal de sodio del \u00e1cido 2-acrilamido-2-metilpropano sulf\u00f3nico (ATBS.Na)<\/strong> es un mon\u00f3mero polimerizado funcional altamente hidrof\u00edlico altamente reactivo y un tipo de tensioactivo polimerizable. Tambi\u00e9n se conoce como NAAMPS o NA ATBS, y tiene asignado un identificador num\u00e9rico \u00fanico. ATBS Monomer y ATBS Sodium Salt son dispersantes especialmente efectivos para materiales altamente polares, lo que los hace ideales para usar en pol\u00edmeros de bajo peso molecular. Con su amplio rango de reactividad con mon\u00f3meros de vinilo, la sal de sodio del \u00e1cido 2-acrilamido-2-metilpropano sulf\u00f3nico (ATBS.Na) es un componente esencial para muchas aplicaciones industriales.<\/p>","protected":false},"featured_media":1123,"template":"","meta":{"site-sidebar-layout":"default","site-content-layout":"default","ast-site-content-layout":"default","site-content-style":"default","site-sidebar-style":"default","ast-global-header-display":"","ast-banner-title-visibility":"","ast-main-header-display":"","ast-hfb-above-header-display":"","ast-hfb-below-header-display":"","ast-hfb-mobile-header-display":"","site-post-title":"","ast-breadcrumbs-content":"","ast-featured-img":"","footer-sml-layout":"","ast-disable-related-posts":"","theme-transparent-header-meta":"default","adv-header-id-meta":"","stick-header-meta":"default","header-above-stick-meta":"","header-main-stick-meta":"","header-below-stick-meta":"","astra-migrate-meta-layouts":"default","ast-page-background-enabled":"default","ast-page-background-meta":{"desktop":{"background-color":"","background-image":"","background-repeat":"repeat","background-position":"center center","background-size":"auto","background-attachment":"scroll","background-type":"","background-media":"","overlay-type":"","overlay-color":"","overlay-opacity":"","overlay-gradient":""},"tablet":{"background-color":"","background-image":"","background-repeat":"repeat","background-position":"center center","background-size":"auto","background-attachment":"scroll","background-type":"","background-media":"","overlay-type":"","overlay-color":"","overlay-opacity":"","overlay-gradient":""},"mobile":{"background-color":"","background-image":"","background-repeat":"repeat","background-position":"center center","background-size":"auto","background-attachment":"scroll","background-type":"","background-media":"","overlay-type":"","overlay-color":"","overlay-opacity":"","overlay-gradient":""}},"ast-content-background-meta":{"desktop":{"background-color":"var(--ast-global-color-5)","background-image":"","background-repeat":"repeat","background-position":"center center","background-size":"auto","background-attachment":"scroll","background-type":"","background-media":"","overlay-type":"","overlay-color":"","overlay-opacity":"","overlay-gradient":""},"tablet":{"background-color":"var(--ast-global-color-5)","background-image":"","background-repeat":"repeat","background-position":"center center","background-size":"auto","background-attachment":"scroll","background-type":"","background-media":"","overlay-type":"","overlay-color":"","overlay-opacity":"","overlay-gradient":""},"mobile":{"background-color":"var(--ast-global-color-5)","background-image":"","background-repeat":"repeat","background-position":"center center","background-size":"auto","background-attachment":"scroll","background-type":"","background-media":"","overlay-type":"","overlay-color":"","overlay-opacity":"","overlay-gradient":""}}},"product_brand":[],"product_cat":[28],"product_tag":[],"class_list":{"0":"post-1113","1":"product","2":"type-product","3":"status-publish","4":"has-post-thumbnail","6":"product_cat-polycarboxylic-antiscalant-and-dispersant","7":"desktop-align-left","8":"tablet-align-left","9":"mobile-align-left","10":"ast-product-gallery-layout-horizontal-slider","11":"ast-product-gallery-with-no-image","12":"ast-product-tabs-layout-horizontal","14":"first","15":"instock","16":"shipping-taxable","17":"product-type-simple"},"yoast_head":"<!-- This site is optimized with the Yoast SEO Premium plugin v26.3 (Yoast SEO v27.3) - https:\/\/yoast.com\/product\/yoast-seo-premium-wordpress\/ -->\n<title>Sodium Salt of 2-Acrylamido-2-Methylpropane Sulfonic Acid (ATBS.Na) - vcycletech<\/title>\n<meta name=\"description\" content=\"Find the perfect ATBS Sodium Salt (ATBS.Na) solution for your project! Our 50% liquid solution makes it easy to handle and create polymer electrolyte properties.\" \/>\n<meta name=\"robots\" content=\"index, follow, max-snippet:-1, max-image-preview:large, max-video-preview:-1\" \/>\n<link rel=\"canonical\" href=\"https:\/\/vcycletech.com\/es\/producto\/sodio-sal-de-2-acrilamido-2-metilpropano-sulfonico-acido-atbs-na\/\" \/>\n<meta property=\"og:locale\" content=\"es_MX\" \/>\n<meta property=\"og:type\" content=\"article\" \/>\n<meta property=\"og:title\" content=\"Sodium Salt of 2-Acrylamido-2-Methylpropane Sulfonic Acid (ATBS.Na)\" \/>\n<meta property=\"og:description\" content=\"Find the perfect ATBS Sodium Salt (ATBS.Na) solution for your project! Our 50% liquid solution makes it easy to handle and create polymer electrolyte properties.\" \/>\n<meta property=\"og:url\" content=\"https:\/\/vcycletech.com\/es\/producto\/sodio-sal-de-2-acrilamido-2-metilpropano-sulfonico-acido-atbs-na\/\" \/>\n<meta property=\"og:site_name\" content=\"vcycletech\" \/>\n<meta property=\"article:modified_time\" content=\"2023-03-21T07:38:32+00:00\" \/>\n<meta property=\"og:image\" content=\"https:\/\/vcycletech.com\/wp-content\/uploads\/2023\/03\/1-28.png\" \/>\n\t<meta property=\"og:image:width\" content=\"600\" \/>\n\t<meta property=\"og:image:height\" content=\"600\" \/>\n\t<meta property=\"og:image:type\" content=\"image\/png\" \/>\n<meta name=\"twitter:card\" content=\"summary_large_image\" \/>\n<meta name=\"twitter:label1\" content=\"Tiempo de lectura\" \/>\n\t<meta name=\"twitter:data1\" content=\"2 minutos\" \/>\n<script type=\"application\/ld+json\" class=\"yoast-schema-graph\">{\"@context\":\"https:\\\/\\\/schema.org\",\"@graph\":[{\"@type\":\"WebPage\",\"@id\":\"https:\\\/\\\/vcycletech.com\\\/product\\\/sodium-salt-of-2-acrylamido-2-methylpropane-sulfonic-acid-atbs-na\\\/\",\"url\":\"https:\\\/\\\/vcycletech.com\\\/product\\\/sodium-salt-of-2-acrylamido-2-methylpropane-sulfonic-acid-atbs-na\\\/\",\"name\":\"Sodium Salt of 2-Acrylamido-2-Methylpropane Sulfonic Acid (ATBS.Na) - vcycletech\",\"isPartOf\":{\"@id\":\"https:\\\/\\\/vcycletech.com\\\/#website\"},\"primaryImageOfPage\":{\"@id\":\"https:\\\/\\\/vcycletech.com\\\/product\\\/sodium-salt-of-2-acrylamido-2-methylpropane-sulfonic-acid-atbs-na\\\/#primaryimage\"},\"image\":{\"@id\":\"https:\\\/\\\/vcycletech.com\\\/product\\\/sodium-salt-of-2-acrylamido-2-methylpropane-sulfonic-acid-atbs-na\\\/#primaryimage\"},\"thumbnailUrl\":\"https:\\\/\\\/vcycletech.com\\\/wp-content\\\/uploads\\\/2023\\\/03\\\/1-28.png\",\"datePublished\":\"2023-03-21T07:36:31+00:00\",\"dateModified\":\"2023-03-21T07:38:32+00:00\",\"description\":\"Find the perfect ATBS Sodium Salt (ATBS.Na) solution for your project! Our 50% liquid solution makes it easy to handle and create polymer electrolyte properties.\",\"breadcrumb\":{\"@id\":\"https:\\\/\\\/vcycletech.com\\\/product\\\/sodium-salt-of-2-acrylamido-2-methylpropane-sulfonic-acid-atbs-na\\\/#breadcrumb\"},\"inLanguage\":\"es\",\"potentialAction\":[{\"@type\":\"ReadAction\",\"target\":[\"https:\\\/\\\/vcycletech.com\\\/product\\\/sodium-salt-of-2-acrylamido-2-methylpropane-sulfonic-acid-atbs-na\\\/\"]}]},{\"@type\":\"ImageObject\",\"inLanguage\":\"es\",\"@id\":\"https:\\\/\\\/vcycletech.com\\\/product\\\/sodium-salt-of-2-acrylamido-2-methylpropane-sulfonic-acid-atbs-na\\\/#primaryimage\",\"url\":\"https:\\\/\\\/vcycletech.com\\\/wp-content\\\/uploads\\\/2023\\\/03\\\/1-28.png\",\"contentUrl\":\"https:\\\/\\\/vcycletech.com\\\/wp-content\\\/uploads\\\/2023\\\/03\\\/1-28.png\",\"width\":600,\"height\":600,\"caption\":\"Sodium Salt of 2-Acrylamido-2-Methylpropane Sulfonic Acid (ATBS.Na)\"},{\"@type\":\"BreadcrumbList\",\"@id\":\"https:\\\/\\\/vcycletech.com\\\/product\\\/sodium-salt-of-2-acrylamido-2-methylpropane-sulfonic-acid-atbs-na\\\/#breadcrumb\",\"itemListElement\":[{\"@type\":\"ListItem\",\"position\":1,\"name\":\"Home\",\"item\":\"https:\\\/\\\/vcycletech.com\\\/\"},{\"@type\":\"ListItem\",\"position\":2,\"name\":\"Water Treatment Chemicals Manufacturer\",\"item\":\"https:\\\/\\\/vcycletech.com\\\/water-treatment-chemicals-manufacturer\\\/\"},{\"@type\":\"ListItem\",\"position\":3,\"name\":\"Sodium Salt of 2-Acrylamido-2-Methylpropane Sulfonic Acid (ATBS.Na)\"}]},{\"@type\":\"WebSite\",\"@id\":\"https:\\\/\\\/vcycletech.com\\\/#website\",\"url\":\"https:\\\/\\\/vcycletech.com\\\/\",\"name\":\"vcycletech\",\"description\":\"China&#039;s top water treatment chemicals supplier\",\"publisher\":{\"@id\":\"https:\\\/\\\/vcycletech.com\\\/#organization\"},\"potentialAction\":[{\"@type\":\"SearchAction\",\"target\":{\"@type\":\"EntryPoint\",\"urlTemplate\":\"https:\\\/\\\/vcycletech.com\\\/?s={search_term_string}\"},\"query-input\":{\"@type\":\"PropertyValueSpecification\",\"valueRequired\":true,\"valueName\":\"search_term_string\"}}],\"inLanguage\":\"es\"},{\"@type\":\"Organization\",\"@id\":\"https:\\\/\\\/vcycletech.com\\\/#organization\",\"name\":\"vcycletech\",\"url\":\"https:\\\/\\\/vcycletech.com\\\/\",\"logo\":{\"@type\":\"ImageObject\",\"inLanguage\":\"es\",\"@id\":\"https:\\\/\\\/vcycletech.com\\\/#\\\/schema\\\/logo\\\/image\\\/\",\"url\":\"https:\\\/\\\/vcycletech.com\\\/wp-content\\\/uploads\\\/2023\\\/03\\\/logo-vcycletech-1.png\",\"contentUrl\":\"https:\\\/\\\/vcycletech.com\\\/wp-content\\\/uploads\\\/2023\\\/03\\\/logo-vcycletech-1.png\",\"width\":600,\"height\":400,\"caption\":\"vcycletech\"},\"image\":{\"@id\":\"https:\\\/\\\/vcycletech.com\\\/#\\\/schema\\\/logo\\\/image\\\/\"}}]}<\/script>\n<!-- \/ Yoast SEO Premium plugin. -->","yoast_head_json":{"title":"Sal de sodio del \u00e1cido 2-acrilamido-2-metilpropano sulf\u00f3nico (ATBS.Na) - vcycletech","description":"\u00a1Encuentre la soluci\u00f3n perfecta de sal de sodio ATBS (ATBS.Na) para su proyecto! Nuestra soluci\u00f3n l\u00edquida 50% facilita el manejo y crea propiedades de electrolito polim\u00e9rico.","robots":{"index":"index","follow":"follow","max-snippet":"max-snippet:-1","max-image-preview":"max-image-preview:large","max-video-preview":"max-video-preview:-1"},"canonical":"https:\/\/vcycletech.com\/es\/producto\/sodio-sal-de-2-acrilamido-2-metilpropano-sulfonico-acido-atbs-na\/","og_locale":"es_MX","og_type":"article","og_title":"Sodium Salt of 2-Acrylamido-2-Methylpropane Sulfonic Acid (ATBS.Na)","og_description":"Find the perfect ATBS Sodium Salt (ATBS.Na) solution for your project! Our 50% liquid solution makes it easy to handle and create polymer electrolyte properties.","og_url":"https:\/\/vcycletech.com\/es\/producto\/sodio-sal-de-2-acrilamido-2-metilpropano-sulfonico-acido-atbs-na\/","og_site_name":"vcycletech","article_modified_time":"2023-03-21T07:38:32+00:00","og_image":[{"width":600,"height":600,"url":"https:\/\/vcycletech.com\/wp-content\/uploads\/2023\/03\/1-28.png","type":"image\/png"}],"twitter_card":"summary_large_image","twitter_misc":{"Tiempo de lectura":"2 minutos"},"schema":{"@context":"https:\/\/schema.org","@graph":[{"@type":"WebPage","@id":"https:\/\/vcycletech.com\/product\/sodium-salt-of-2-acrylamido-2-methylpropane-sulfonic-acid-atbs-na\/","url":"https:\/\/vcycletech.com\/product\/sodium-salt-of-2-acrylamido-2-methylpropane-sulfonic-acid-atbs-na\/","name":"Sal de sodio del \u00e1cido 2-acrilamido-2-metilpropano sulf\u00f3nico (ATBS.Na) - vcycletech","isPartOf":{"@id":"https:\/\/vcycletech.com\/#website"},"primaryImageOfPage":{"@id":"https:\/\/vcycletech.com\/product\/sodium-salt-of-2-acrylamido-2-methylpropane-sulfonic-acid-atbs-na\/#primaryimage"},"image":{"@id":"https:\/\/vcycletech.com\/product\/sodium-salt-of-2-acrylamido-2-methylpropane-sulfonic-acid-atbs-na\/#primaryimage"},"thumbnailUrl":"https:\/\/vcycletech.com\/wp-content\/uploads\/2023\/03\/1-28.png","datePublished":"2023-03-21T07:36:31+00:00","dateModified":"2023-03-21T07:38:32+00:00","description":"\u00a1Encuentre la soluci\u00f3n perfecta de sal de sodio ATBS (ATBS.Na) para su proyecto! Nuestra soluci\u00f3n l\u00edquida 50% facilita el manejo y crea propiedades de electrolito polim\u00e9rico.","breadcrumb":{"@id":"https:\/\/vcycletech.com\/product\/sodium-salt-of-2-acrylamido-2-methylpropane-sulfonic-acid-atbs-na\/#breadcrumb"},"inLanguage":"es","potentialAction":[{"@type":"ReadAction","target":["https:\/\/vcycletech.com\/product\/sodium-salt-of-2-acrylamido-2-methylpropane-sulfonic-acid-atbs-na\/"]}]},{"@type":"ImageObject","inLanguage":"es","@id":"https:\/\/vcycletech.com\/product\/sodium-salt-of-2-acrylamido-2-methylpropane-sulfonic-acid-atbs-na\/#primaryimage","url":"https:\/\/vcycletech.com\/wp-content\/uploads\/2023\/03\/1-28.png","contentUrl":"https:\/\/vcycletech.com\/wp-content\/uploads\/2023\/03\/1-28.png","width":600,"height":600,"caption":"Sodium Salt of 2-Acrylamido-2-Methylpropane Sulfonic Acid (ATBS.Na)"},{"@type":"BreadcrumbList","@id":"https:\/\/vcycletech.com\/product\/sodium-salt-of-2-acrylamido-2-methylpropane-sulfonic-acid-atbs-na\/#breadcrumb","itemListElement":[{"@type":"ListItem","position":1,"name":"Home","item":"https:\/\/vcycletech.com\/"},{"@type":"ListItem","position":2,"name":"Water Treatment Chemicals Manufacturer","item":"https:\/\/vcycletech.com\/water-treatment-chemicals-manufacturer\/"},{"@type":"ListItem","position":3,"name":"Sodium Salt of 2-Acrylamido-2-Methylpropane Sulfonic Acid (ATBS.Na)"}]},{"@type":"WebSite","@id":"https:\/\/vcycletech.com\/#website","url":"https:\/\/vcycletech.com\/","name":"vcycletech","description":"El principal proveedor de productos qu\u00edmicos para el tratamiento del agua de China y #039;","publisher":{"@id":"https:\/\/vcycletech.com\/#organization"},"potentialAction":[{"@type":"SearchAction","target":{"@type":"EntryPoint","urlTemplate":"https:\/\/vcycletech.com\/?s={search_term_string}"},"query-input":{"@type":"PropertyValueSpecification","valueRequired":true,"valueName":"search_term_string"}}],"inLanguage":"es"},{"@type":"Organization","@id":"https:\/\/vcycletech.com\/#organization","name":"vcycletech","url":"https:\/\/vcycletech.com\/","logo":{"@type":"ImageObject","inLanguage":"es","@id":"https:\/\/vcycletech.com\/#\/schema\/logo\/image\/","url":"https:\/\/vcycletech.com\/wp-content\/uploads\/2023\/03\/logo-vcycletech-1.png","contentUrl":"https:\/\/vcycletech.com\/wp-content\/uploads\/2023\/03\/logo-vcycletech-1.png","width":600,"height":400,"caption":"vcycletech"},"image":{"@id":"https:\/\/vcycletech.com\/#\/schema\/logo\/image\/"}}]}},"_links":{"self":[{"href":"https:\/\/vcycletech.com\/es\/wp-json\/wp\/v2\/product\/1113","targetHints":{"allow":["GET"]}}],"collection":[{"href":"https:\/\/vcycletech.com\/es\/wp-json\/wp\/v2\/product"}],"about":[{"href":"https:\/\/vcycletech.com\/es\/wp-json\/wp\/v2\/types\/product"}],"wp:featuredmedia":[{"embeddable":true,"href":"https:\/\/vcycletech.com\/es\/wp-json\/wp\/v2\/media\/1123"}],"wp:attachment":[{"href":"https:\/\/vcycletech.com\/es\/wp-json\/wp\/v2\/media?parent=1113"}],"wp:term":[{"taxonomy":"product_brand","embeddable":true,"href":"https:\/\/vcycletech.com\/es\/wp-json\/wp\/v2\/product_brand?post=1113"},{"taxonomy":"product_cat","embeddable":true,"href":"https:\/\/vcycletech.com\/es\/wp-json\/wp\/v2\/product_cat?post=1113"},{"taxonomy":"product_tag","embeddable":true,"href":"https:\/\/vcycletech.com\/es\/wp-json\/wp\/v2\/product_tag?post=1113"}],"curies":[{"name":"wp","href":"https:\/\/api.w.org\/{rel}","templated":true}]}}