{"id":1094,"date":"2023-03-21T06:20:38","date_gmt":"2023-03-21T06:20:38","guid":{"rendered":"https:\/\/vcycletech.com\/?post_type=product&#038;p=1094"},"modified":"2023-03-21T07:39:01","modified_gmt":"2023-03-21T07:39:01","slug":"amplificadores-aa","status":"publish","type":"product","link":"https:\/\/vcycletech.com\/es\/producto\/amplificadores-aa\/","title":{"rendered":"\u00c1cido acrilamido 2 metilpropanosulf\u00f3nico (AA AMPS)"},"content":{"rendered":"<h3>N\u00ba CAS 40623-75-4<\/h3>\n<h3>F\u00f3rmula estructural AA AMPS:<\/h3>\n<p><img fetchpriority=\"high\" decoding=\"async\" class=\"alignnone size-full wp-image-1097\" src=\"https:\/\/vcycletech.com\/wp-content\/uploads\/2023\/03\/Structural-Formula-6.png\" alt=\"StructuralAcrylamido 2 Methylpropanesulfonic A cid (AA\/AMPS) f\u00f3rmula\" width=\"1400\" height=\"450\" srcset=\"https:\/\/vcycletech.com\/wp-content\/uploads\/2023\/03\/Structural-Formula-6.png 1400w, https:\/\/vcycletech.com\/wp-content\/uploads\/2023\/03\/Structural-Formula-6-600x193.png 600w, https:\/\/vcycletech.com\/wp-content\/uploads\/2023\/03\/Structural-Formula-6-300x96.png 300w, https:\/\/vcycletech.com\/wp-content\/uploads\/2023\/03\/Structural-Formula-6-1024x329.png 1024w, https:\/\/vcycletech.com\/wp-content\/uploads\/2023\/03\/Structural-Formula-6-768x247.png 768w\" sizes=\"(max-width: 1400px) 100vw, 1400px\" \/><\/p>\n<h3>Propiedades de amperios AA:<\/h3>\n<p><strong>Copol\u00edmero de \u00e1cido sulf\u00f3nico de \u00e1cido acr\u00edlico-2-acrilamido-2-metilpropano<\/strong> es un inhibidor de incrustaciones y dispersante ideal para condiciones de agua alcalina y pH alto. Es un copol\u00edmero de \u00e1cido acr\u00edlico y \u00e1cido 2-acrilamido-2-metilpropanosulf\u00f3nico (AMPS) que presenta grupos carbox\u00edlicos, que brindan una gran capacidad de inhibici\u00f3n y dispersi\u00f3n como polaridad fuerte de los grupos de \u00e1cido sulf\u00f3nico. Esta combinaci\u00f3n de propiedades le brinda una alta tolerancia al calcio y excelentes propiedades de inhibici\u00f3n de incrustaciones contra el fosfato de calcio, el carbonato de calcio y las incrustaciones de zinc, lo que lo convierte en una opci\u00f3n atractiva para prevenir la acumulaci\u00f3n de minerales en concentraciones m\u00e1s altas. Cuando se combina con organofosfinas, el efecto sin\u00e9rgico se potencia a\u00fan m\u00e1s.<\/p>\n<h3>Especificaci\u00f3n de AMPERIOS AA<\/h3>\n<div id=\"footable_parent_1101\"\n         class=\"footable_parent ninja_table_wrapper loading_ninja_table wp_table_data_press_parent semantic_ui\">\n                <table data-ninja_table_instance=\"ninja_table_instance_0\" data-footable_id=\"1101\" data-filter-delay=\"1000\" aria-label=\"Copol\u00edmero de \u00e1cido sulf\u00f3nico de \u00e1cido acr\u00edlico-2-acrilamido-2-metilpropano.csv\"            id=\"footable_1101\"\n           data-unique_identifier=\"ninja_table_unique_id_904866924_1101\"\n           class=\"foo-table ninja_footable foo_table_1101 ninja_table_unique_id_904866924_1101 ui table  nt_type_legacy_table selectable striped vertical_centered  footable-paging-right ninja_table_pro\">\n                <colgroup>\n                            <col class=\"ninja_column_0\">\n                            <col class=\"ninja_column_1\">\n                            <col class=\"ninja_column_2\">\n                    <\/colgroup>\n        <thead>\n<tr class=\"footable-header\">\n                                                        <th scope=\"col\"  class=\"ninja_column_0 ninja_clmn_nm_items\">Art\u00edculos<\/th><th scope=\"col\"  class=\"ninja_column_1 ninja_clmn_nm_index\">\u00cdndice<\/th><th scope=\"col\"  class=\"ninja_column_2 ninja_clmn_nm_ninja_column_3\"><\/th><\/tr>\n<\/thead>\n<tbody>\n\n        <tr data-row_id=\"215\" class=\"ninja_table_row_0 nt_row_id_215\">\n            <td>Apariencia<\/td><td>L\u00edquido viscoso de incoloro a amarillo claro<\/td><td>L\u00edquido viscoso de incoloro a amarillo claro<\/td>        <\/tr>\n            <tr data-row_id=\"216\" class=\"ninja_table_row_1 nt_row_id_216\">\n            <td>Contenido s\u00f3lido %<\/td><td>30,0 minutos<\/td><td>40,0 minutos<\/td>        <\/tr>\n            <tr data-row_id=\"217\" class=\"ninja_table_row_2 nt_row_id_217\">\n            <td>Mon\u00f3mero libre (como AA)%<\/td><td>0,50 m\u00e1x.<\/td><td>0,50 m\u00e1x.<\/td>        <\/tr>\n            <tr data-row_id=\"218\" class=\"ninja_table_row_3 nt_row_id_218\">\n            <td>Densidad (20\u2103)g\/cm3<\/td><td>1,10 minutos<\/td><td>1,15 minutos<\/td>        <\/tr>\n            <tr data-row_id=\"219\" class=\"ninja_table_row_4 nt_row_id_219\">\n            <td>pH (soluci\u00f3n de agua 1%)<\/td><td>3.0 m\u00e1x.<\/td><td>3.5-4.5<\/td>        <\/tr>\n    <\/tbody><!--ninja_tobody_rendering_done-->\n    <\/table>\n    \n    \n    \n<\/div>\n\n<h3>Preguntas frecuentes<\/h3>\n<p><img decoding=\"async\" class=\"alignnone size-full wp-image-1105\" src=\"https:\/\/vcycletech.com\/wp-content\/uploads\/2023\/03\/Acrylamido-2-Methylpropanesulfonic-AcidAA-AMPS.png\" alt=\"\u00c1cido acrilamido 2 metilpropanosulf\u00f3nico (AA AMPS)\" width=\"600\" height=\"600\" srcset=\"https:\/\/vcycletech.com\/wp-content\/uploads\/2023\/03\/Acrylamido-2-Methylpropanesulfonic-AcidAA-AMPS.png 600w, https:\/\/vcycletech.com\/wp-content\/uploads\/2023\/03\/Acrylamido-2-Methylpropanesulfonic-AcidAA-AMPS-100x100.png 100w, https:\/\/vcycletech.com\/wp-content\/uploads\/2023\/03\/Acrylamido-2-Methylpropanesulfonic-AcidAA-AMPS-300x300.png 300w, https:\/\/vcycletech.com\/wp-content\/uploads\/2023\/03\/Acrylamido-2-Methylpropanesulfonic-AcidAA-AMPS-150x150.png 150w\" sizes=\"(max-width: 600px) 100vw, 600px\" \/><\/p>\n<h4>\u00bfQu\u00e9 es AA-AMPS?<\/h4>\n<p>AA-AMPS es un surfactante no i\u00f3nico soluble en agua. Se utiliza como agente dispersante, emulsionante y agente humectante en muchas industrias y aplicaciones.<\/p>\n<h4>\u00bfCu\u00e1les son las propiedades de AA-AMPS?<\/h4>\n<p>AA-AMPS tiene un peso molecular de 176 y un valor HLB de 12,5. Es soluble en agua a todas las temperaturas y tiene buena estabilidad en un amplio rango de pH. Tambi\u00e9n es compatible con la mayor\u00eda de los tensioactivos ani\u00f3nicos, cati\u00f3nicos y no i\u00f3nicos.<\/p>\n<h4>\u00bfCu\u00e1les son los usos de AA-AMPS?<\/h4>\n<p>AA-AMPS se utiliza como agente dispersante para pigmentos y rellenos en pinturas y revestimientos, como emulsionante para emulsiones de aceite en agua y como agente humectante para te\u00f1ido e impresi\u00f3n de textiles. Tambi\u00e9n se utiliza en fluidos metal\u00fargicos, adhesivos, selladores y emulsiones asf\u00e1lticas.<\/p>\n<h4>\u00bfC\u00f3mo funciona AA-AMPS?<\/h4>\n<p>AA-AMPS funciona reduciendo la tensi\u00f3n superficial del agua, lo que le permite humedecer mejor las superficies y dispersar los pigmentos de manera m\u00e1s uniforme. Tambi\u00e9n ayuda a estabilizar las emulsiones al evitar que las gotas se fusionen.<\/p>\n<h4>\u00bfCu\u00e1les son los beneficios de usar AA-AMPS?<\/h4>\n<p>Los beneficios de usar AA-AMPS incluyen una mejor dispersi\u00f3n de pigmentos y rellenos, mayor estabilidad de las emulsiones, mejor humectaci\u00f3n de las superficies y menor tensi\u00f3n superficial.<\/p>\n<h4>\u00bfCu\u00e1les son los peligros de AA-AMPS?<\/h4>\n<p>Los peligros de AA-AMPS incluyen irritaci\u00f3n de los ojos, irritaci\u00f3n de la piel e irritaci\u00f3n respiratoria. Si se ingiere, puede causar irritaci\u00f3n gastrointestinal y depresi\u00f3n del sistema nervioso central. Si se inhala, puede causar tos, sibilancias y dificultad para respirar.<\/p>\n<h4>\u00bfC\u00f3mo se deben usar los AA-AMPS?<\/h4>\n<p>Los AA-AMPS deben usarse de acuerdo con las instrucciones del fabricante o seg\u00fan las indicaciones de un profesional calificado. Debe almacenarse en un lugar fresco y seco, lejos de fuentes de calor o llamas abiertas.<\/p>\n<h4>\u00bfCu\u00e1les son las precauciones para usar AA-AMPS?<\/h4>\n<p>Use equipo de protecci\u00f3n personal adecuado, como guantes, gafas y un respirador si es necesario cuando use AA-AMPS. Evite el contacto con la piel y los ojos; si ocurre contacto, enjuague con agua durante 15 minutos y busque atenci\u00f3n m\u00e9dica si es necesario. Si se ingiere, no provoque el v\u00f3mito; llame a un m\u00e9dico o centro de control de envenenamiento inmediatamente.<\/p>","protected":false},"excerpt":{"rendered":"<p><strong>Acrylamido 2 Methylpropanesulfonic Acid (AA AMPS)<\/strong> is a reactive, hydrophilic, sulfonic acid acrylic monomer used to alter the chemical properties of a wide range of materials. It is commonly used in the production of polymers and copolymers products due to its unique ability to form strong bonds with other molecules. It is also known as 2-Methyl-2-[(1-oxo-2-propenyl)amino]-1-propane sulfonic acid. <strong>AA AMPS<\/strong> is an essential component for many industrial applications such as water treatment, papermaking, oilfield chemicals, and coatings.<\/p>\n","protected":false},"featured_media":1099,"template":"","meta":{"site-sidebar-layout":"default","site-content-layout":"default","ast-site-content-layout":"default","site-content-style":"default","site-sidebar-style":"default","ast-global-header-display":"","ast-banner-title-visibility":"","ast-main-header-display":"","ast-hfb-above-header-display":"","ast-hfb-below-header-display":"","ast-hfb-mobile-header-display":"","site-post-title":"","ast-breadcrumbs-content":"","ast-featured-img":"","footer-sml-layout":"","ast-disable-related-posts":"","theme-transparent-header-meta":"default","adv-header-id-meta":"","stick-header-meta":"default","header-above-stick-meta":"","header-main-stick-meta":"","header-below-stick-meta":"","astra-migrate-meta-layouts":"default","ast-page-background-enabled":"default","ast-page-background-meta":{"desktop":{"background-color":"","background-image":"","background-repeat":"repeat","background-position":"center center","background-size":"auto","background-attachment":"scroll","background-type":"","background-media":"","overlay-type":"","overlay-color":"","overlay-opacity":"","overlay-gradient":""},"tablet":{"background-color":"","background-image":"","background-repeat":"repeat","background-position":"center center","background-size":"auto","background-attachment":"scroll","background-type":"","background-media":"","overlay-type":"","overlay-color":"","overlay-opacity":"","overlay-gradient":""},"mobile":{"background-color":"","background-image":"","background-repeat":"repeat","background-position":"center center","background-size":"auto","background-attachment":"scroll","background-type":"","background-media":"","overlay-type":"","overlay-color":"","overlay-opacity":"","overlay-gradient":""}},"ast-content-background-meta":{"desktop":{"background-color":"var(--ast-global-color-5)","background-image":"","background-repeat":"repeat","background-position":"center center","background-size":"auto","background-attachment":"scroll","background-type":"","background-media":"","overlay-type":"","overlay-color":"","overlay-opacity":"","overlay-gradient":""},"tablet":{"background-color":"var(--ast-global-color-5)","background-image":"","background-repeat":"repeat","background-position":"center center","background-size":"auto","background-attachment":"scroll","background-type":"","background-media":"","overlay-type":"","overlay-color":"","overlay-opacity":"","overlay-gradient":""},"mobile":{"background-color":"var(--ast-global-color-5)","background-image":"","background-repeat":"repeat","background-position":"center center","background-size":"auto","background-attachment":"scroll","background-type":"","background-media":"","overlay-type":"","overlay-color":"","overlay-opacity":"","overlay-gradient":""}}},"product_brand":[],"product_cat":[28],"product_tag":[],"class_list":{"0":"post-1094","1":"product","2":"type-product","3":"status-publish","4":"has-post-thumbnail","6":"product_cat-polycarboxylic-antiscalant-and-dispersant","7":"desktop-align-left","8":"tablet-align-left","9":"mobile-align-left","10":"ast-product-gallery-layout-horizontal-slider","11":"ast-product-gallery-with-no-image","12":"ast-product-tabs-layout-horizontal","14":"first","15":"instock","16":"shipping-taxable","17":"product-type-simple"},"yoast_head":"<!-- This site is optimized with the Yoast SEO Premium plugin v26.3 (Yoast SEO v27.3) - https:\/\/yoast.com\/product\/yoast-seo-premium-wordpress\/ -->\n<title>Acrylamido 2 Methylpropanesulfonic Acid(AA AMPS) - vcycletech<\/title>\n<meta name=\"description\" content=\"Discover the amazing properties of Acrylamido 2 Methylpropanesulfonic Acid (AA AMPS) and its uses in organic chemistry!\" \/>\n<meta name=\"robots\" content=\"index, follow, max-snippet:-1, max-image-preview:large, max-video-preview:-1\" \/>\n<link rel=\"canonical\" href=\"https:\/\/vcycletech.com\/es\/producto\/amplificadores-aa\/\" \/>\n<meta property=\"og:locale\" content=\"es_MX\" \/>\n<meta property=\"og:type\" content=\"article\" \/>\n<meta property=\"og:title\" content=\"Acrylamido 2 Methylpropanesulfonic Acid(AA AMPS)\" \/>\n<meta property=\"og:description\" content=\"Discover the amazing properties of Acrylamido 2 Methylpropanesulfonic Acid (AA AMPS) and its uses in organic chemistry!\" \/>\n<meta property=\"og:url\" content=\"https:\/\/vcycletech.com\/es\/producto\/amplificadores-aa\/\" \/>\n<meta property=\"og:site_name\" content=\"vcycletech\" \/>\n<meta property=\"article:modified_time\" content=\"2023-03-21T07:39:01+00:00\" \/>\n<meta property=\"og:image\" content=\"https:\/\/vcycletech.com\/wp-content\/uploads\/2023\/03\/1-26.png\" \/>\n\t<meta property=\"og:image:width\" content=\"600\" \/>\n\t<meta property=\"og:image:height\" content=\"600\" \/>\n\t<meta property=\"og:image:type\" content=\"image\/png\" \/>\n<meta name=\"twitter:card\" content=\"summary_large_image\" \/>\n<meta name=\"twitter:label1\" content=\"Tiempo de lectura\" \/>\n\t<meta name=\"twitter:data1\" content=\"3 minutos\" \/>\n<script type=\"application\/ld+json\" class=\"yoast-schema-graph\">{\"@context\":\"https:\\\/\\\/schema.org\",\"@graph\":[{\"@type\":\"WebPage\",\"@id\":\"https:\\\/\\\/vcycletech.com\\\/product\\\/aa-amps\\\/\",\"url\":\"https:\\\/\\\/vcycletech.com\\\/product\\\/aa-amps\\\/\",\"name\":\"Acrylamido 2 Methylpropanesulfonic Acid(AA AMPS) - vcycletech\",\"isPartOf\":{\"@id\":\"https:\\\/\\\/vcycletech.com\\\/#website\"},\"primaryImageOfPage\":{\"@id\":\"https:\\\/\\\/vcycletech.com\\\/product\\\/aa-amps\\\/#primaryimage\"},\"image\":{\"@id\":\"https:\\\/\\\/vcycletech.com\\\/product\\\/aa-amps\\\/#primaryimage\"},\"thumbnailUrl\":\"https:\\\/\\\/vcycletech.com\\\/wp-content\\\/uploads\\\/2023\\\/03\\\/1-26.png\",\"datePublished\":\"2023-03-21T06:20:38+00:00\",\"dateModified\":\"2023-03-21T07:39:01+00:00\",\"description\":\"Discover the amazing properties of Acrylamido 2 Methylpropanesulfonic Acid (AA AMPS) and its uses in organic chemistry!\",\"breadcrumb\":{\"@id\":\"https:\\\/\\\/vcycletech.com\\\/product\\\/aa-amps\\\/#breadcrumb\"},\"inLanguage\":\"es\",\"potentialAction\":[{\"@type\":\"ReadAction\",\"target\":[\"https:\\\/\\\/vcycletech.com\\\/product\\\/aa-amps\\\/\"]}]},{\"@type\":\"ImageObject\",\"inLanguage\":\"es\",\"@id\":\"https:\\\/\\\/vcycletech.com\\\/product\\\/aa-amps\\\/#primaryimage\",\"url\":\"https:\\\/\\\/vcycletech.com\\\/wp-content\\\/uploads\\\/2023\\\/03\\\/1-26.png\",\"contentUrl\":\"https:\\\/\\\/vcycletech.com\\\/wp-content\\\/uploads\\\/2023\\\/03\\\/1-26.png\",\"width\":600,\"height\":600,\"caption\":\"Acrylamido 2 Methylpropanesulfonic Acid(AA\\\/AMPS)\"},{\"@type\":\"BreadcrumbList\",\"@id\":\"https:\\\/\\\/vcycletech.com\\\/product\\\/aa-amps\\\/#breadcrumb\",\"itemListElement\":[{\"@type\":\"ListItem\",\"position\":1,\"name\":\"Home\",\"item\":\"https:\\\/\\\/vcycletech.com\\\/\"},{\"@type\":\"ListItem\",\"position\":2,\"name\":\"Water Treatment Chemicals Manufacturer\",\"item\":\"https:\\\/\\\/vcycletech.com\\\/water-treatment-chemicals-manufacturer\\\/\"},{\"@type\":\"ListItem\",\"position\":3,\"name\":\"Acrylamido 2 Methylpropanesulfonic Acid(AA AMPS)\"}]},{\"@type\":\"WebSite\",\"@id\":\"https:\\\/\\\/vcycletech.com\\\/#website\",\"url\":\"https:\\\/\\\/vcycletech.com\\\/\",\"name\":\"vcycletech\",\"description\":\"China&#039;s top water treatment chemicals supplier\",\"publisher\":{\"@id\":\"https:\\\/\\\/vcycletech.com\\\/#organization\"},\"potentialAction\":[{\"@type\":\"SearchAction\",\"target\":{\"@type\":\"EntryPoint\",\"urlTemplate\":\"https:\\\/\\\/vcycletech.com\\\/?s={search_term_string}\"},\"query-input\":{\"@type\":\"PropertyValueSpecification\",\"valueRequired\":true,\"valueName\":\"search_term_string\"}}],\"inLanguage\":\"es\"},{\"@type\":\"Organization\",\"@id\":\"https:\\\/\\\/vcycletech.com\\\/#organization\",\"name\":\"vcycletech\",\"url\":\"https:\\\/\\\/vcycletech.com\\\/\",\"logo\":{\"@type\":\"ImageObject\",\"inLanguage\":\"es\",\"@id\":\"https:\\\/\\\/vcycletech.com\\\/#\\\/schema\\\/logo\\\/image\\\/\",\"url\":\"https:\\\/\\\/vcycletech.com\\\/wp-content\\\/uploads\\\/2023\\\/03\\\/logo-vcycletech-1.png\",\"contentUrl\":\"https:\\\/\\\/vcycletech.com\\\/wp-content\\\/uploads\\\/2023\\\/03\\\/logo-vcycletech-1.png\",\"width\":600,\"height\":400,\"caption\":\"vcycletech\"},\"image\":{\"@id\":\"https:\\\/\\\/vcycletech.com\\\/#\\\/schema\\\/logo\\\/image\\\/\"}}]}<\/script>\n<!-- \/ Yoast SEO Premium plugin. -->","yoast_head_json":{"title":"\u00c1cido acrilamido 2 metilpropanosulf\u00f3nico (AA AMPS) - vcycletech","description":"\u00a1Descubre las incre\u00edbles propiedades del \u00e1cido acrilamido 2 metilpropanosulf\u00f3nico (AA AMPS) y sus usos en qu\u00edmica org\u00e1nica!","robots":{"index":"index","follow":"follow","max-snippet":"max-snippet:-1","max-image-preview":"max-image-preview:large","max-video-preview":"max-video-preview:-1"},"canonical":"https:\/\/vcycletech.com\/es\/producto\/amplificadores-aa\/","og_locale":"es_MX","og_type":"article","og_title":"Acrylamido 2 Methylpropanesulfonic Acid(AA AMPS)","og_description":"Discover the amazing properties of Acrylamido 2 Methylpropanesulfonic Acid (AA AMPS) and its uses in organic chemistry!","og_url":"https:\/\/vcycletech.com\/es\/producto\/amplificadores-aa\/","og_site_name":"vcycletech","article_modified_time":"2023-03-21T07:39:01+00:00","og_image":[{"width":600,"height":600,"url":"https:\/\/vcycletech.com\/wp-content\/uploads\/2023\/03\/1-26.png","type":"image\/png"}],"twitter_card":"summary_large_image","twitter_misc":{"Tiempo de lectura":"3 minutos"},"schema":{"@context":"https:\/\/schema.org","@graph":[{"@type":"WebPage","@id":"https:\/\/vcycletech.com\/product\/aa-amps\/","url":"https:\/\/vcycletech.com\/product\/aa-amps\/","name":"\u00c1cido acrilamido 2 metilpropanosulf\u00f3nico (AA AMPS) - vcycletech","isPartOf":{"@id":"https:\/\/vcycletech.com\/#website"},"primaryImageOfPage":{"@id":"https:\/\/vcycletech.com\/product\/aa-amps\/#primaryimage"},"image":{"@id":"https:\/\/vcycletech.com\/product\/aa-amps\/#primaryimage"},"thumbnailUrl":"https:\/\/vcycletech.com\/wp-content\/uploads\/2023\/03\/1-26.png","datePublished":"2023-03-21T06:20:38+00:00","dateModified":"2023-03-21T07:39:01+00:00","description":"\u00a1Descubre las incre\u00edbles propiedades del \u00e1cido acrilamido 2 metilpropanosulf\u00f3nico (AA AMPS) y sus usos en qu\u00edmica org\u00e1nica!","breadcrumb":{"@id":"https:\/\/vcycletech.com\/product\/aa-amps\/#breadcrumb"},"inLanguage":"es","potentialAction":[{"@type":"ReadAction","target":["https:\/\/vcycletech.com\/product\/aa-amps\/"]}]},{"@type":"ImageObject","inLanguage":"es","@id":"https:\/\/vcycletech.com\/product\/aa-amps\/#primaryimage","url":"https:\/\/vcycletech.com\/wp-content\/uploads\/2023\/03\/1-26.png","contentUrl":"https:\/\/vcycletech.com\/wp-content\/uploads\/2023\/03\/1-26.png","width":600,"height":600,"caption":"Acrylamido 2 Methylpropanesulfonic Acid(AA\/AMPS)"},{"@type":"BreadcrumbList","@id":"https:\/\/vcycletech.com\/product\/aa-amps\/#breadcrumb","itemListElement":[{"@type":"ListItem","position":1,"name":"Home","item":"https:\/\/vcycletech.com\/"},{"@type":"ListItem","position":2,"name":"Water Treatment Chemicals Manufacturer","item":"https:\/\/vcycletech.com\/water-treatment-chemicals-manufacturer\/"},{"@type":"ListItem","position":3,"name":"Acrylamido 2 Methylpropanesulfonic Acid(AA AMPS)"}]},{"@type":"WebSite","@id":"https:\/\/vcycletech.com\/#website","url":"https:\/\/vcycletech.com\/","name":"vcycletech","description":"El principal proveedor de productos qu\u00edmicos para el tratamiento del agua de China y #039;","publisher":{"@id":"https:\/\/vcycletech.com\/#organization"},"potentialAction":[{"@type":"SearchAction","target":{"@type":"EntryPoint","urlTemplate":"https:\/\/vcycletech.com\/?s={search_term_string}"},"query-input":{"@type":"PropertyValueSpecification","valueRequired":true,"valueName":"search_term_string"}}],"inLanguage":"es"},{"@type":"Organization","@id":"https:\/\/vcycletech.com\/#organization","name":"vcycletech","url":"https:\/\/vcycletech.com\/","logo":{"@type":"ImageObject","inLanguage":"es","@id":"https:\/\/vcycletech.com\/#\/schema\/logo\/image\/","url":"https:\/\/vcycletech.com\/wp-content\/uploads\/2023\/03\/logo-vcycletech-1.png","contentUrl":"https:\/\/vcycletech.com\/wp-content\/uploads\/2023\/03\/logo-vcycletech-1.png","width":600,"height":400,"caption":"vcycletech"},"image":{"@id":"https:\/\/vcycletech.com\/#\/schema\/logo\/image\/"}}]}},"_links":{"self":[{"href":"https:\/\/vcycletech.com\/es\/wp-json\/wp\/v2\/product\/1094","targetHints":{"allow":["GET"]}}],"collection":[{"href":"https:\/\/vcycletech.com\/es\/wp-json\/wp\/v2\/product"}],"about":[{"href":"https:\/\/vcycletech.com\/es\/wp-json\/wp\/v2\/types\/product"}],"wp:featuredmedia":[{"embeddable":true,"href":"https:\/\/vcycletech.com\/es\/wp-json\/wp\/v2\/media\/1099"}],"wp:attachment":[{"href":"https:\/\/vcycletech.com\/es\/wp-json\/wp\/v2\/media?parent=1094"}],"wp:term":[{"taxonomy":"product_brand","embeddable":true,"href":"https:\/\/vcycletech.com\/es\/wp-json\/wp\/v2\/product_brand?post=1094"},{"taxonomy":"product_cat","embeddable":true,"href":"https:\/\/vcycletech.com\/es\/wp-json\/wp\/v2\/product_cat?post=1094"},{"taxonomy":"product_tag","embeddable":true,"href":"https:\/\/vcycletech.com\/es\/wp-json\/wp\/v2\/product_tag?post=1094"}],"curies":[{"name":"wp","href":"https:\/\/api.w.org\/{rel}","templated":true}]}}