{"id":1090,"date":"2023-03-21T06:36:25","date_gmt":"2023-03-21T06:36:25","guid":{"rendered":"https:\/\/vcycletech.com\/?post_type=product&#038;p=1090"},"modified":"2023-03-24T03:33:33","modified_gmt":"2023-03-24T03:33:33","slug":"dbnpa","status":"publish","type":"product","link":"https:\/\/vcycletech.com\/es\/producto\/dbnpa\/","title":{"rendered":"DBNPA"},"content":{"rendered":"<h3 id=\"structural20formula_1\" class=\"xsj_heading_hash xsj_heading xsj_heading_h3\" data-source-line=\"0\" data-source-line-display=\"true\"><span class=\"xsj_heading_content\">F\u00f3rmula estructural:<\/span><\/h3>\n<p><img fetchpriority=\"high\" decoding=\"async\" class=\"alignnone size-full wp-image-1098\" src=\"https:\/\/vcycletech.com\/wp-content\/uploads\/2023\/03\/\u672a\u547d\u540d\u7684\u8bbe\u8ba1-15.png\" alt=\"F\u00f3rmula estructural DBNPA:\" width=\"600\" height=\"400\" srcset=\"https:\/\/vcycletech.com\/wp-content\/uploads\/2023\/03\/\u672a\u547d\u540d\u7684\u8bbe\u8ba1-15.png 600w, https:\/\/vcycletech.com\/wp-content\/uploads\/2023\/03\/\u672a\u547d\u540d\u7684\u8bbe\u8ba1-15-300x200.png 300w\" sizes=\"(max-width: 600px) 100vw, 600px\" \/><\/p>\n<p class=\"xsj_paragraph xsj_paragraph_level_0\" data-source-line=\"2\" data-source-line-display=\"true\">N\u00famero CAS: 10222-01-2<br \/>\nEINECS #: 204-707-7<br \/>\nF\u00f3rmula molecular: C3H2Br2N2O<\/p>\n<h3>Propiedades<\/h3>\n<p>DBNPA es un biocida altamente efectivo con acci\u00f3n r\u00e1pida contra numerosos microorganismos, sin dejar residuos peligrosos. Tambi\u00e9n se degrada r\u00e1pidamente en condiciones \u00e1cidas o alcalinas, reduciendo la posible contaminaci\u00f3n ambiental. El perfil de seguridad de este producto qu\u00edmico es bastante alto en comparaci\u00f3n con otros productos qu\u00edmicos que se pueden usar como biocidas; se ha usado de manera segura desde la d\u00e9cada de 1960 con muy pocos problemas de salud informados.<\/p>\n<h2 id=\"applications_2\" class=\"xsj_heading_hash xsj_heading xsj_heading_h2\" data-source-line=\"6\" data-source-line-display=\"true\"><span class=\"xsj_heading_content\">Aplicaciones<\/span><\/h2>\n<p class=\"xsj_paragraph xsj_paragraph_level_0\" data-source-line=\"7\" data-source-line-display=\"true\">El DBNPA se puede encontrar en diversas aplicaciones, como el tratamiento de agua de refrigeraci\u00f3n para centrales el\u00e9ctricas y calderas industriales, f\u00e1bricas de papel, tintorer\u00edas textiles, conservantes de madera, etc. Adem\u00e1s de su uso como biocida, tambi\u00e9n ha sido aprobado para su uso como alguicida en piscinas y spas por los Centros para el Control de Enfermedades (CDC).<\/p>\n<h3>Especificaci\u00f3n<\/h3>\n<table>\n<tbody>\n<tr>\n<td width=\"204\">Elementos<\/td>\n<td width=\"315\">\u00cdndice<\/td>\n<\/tr>\n<tr>\n<td width=\"204\">Ensayo<\/td>\n<td width=\"315\">99% m\u00edn.<\/td>\n<\/tr>\n<tr>\n<td width=\"204\">Punto de fusion<\/td>\n<td width=\"315\">122~128\u00b0C<\/td>\n<\/tr>\n<tr>\n<td width=\"204\">pH (soluci\u00f3n acuosa 1%)<\/td>\n<td width=\"315\">4.0~6.5<\/td>\n<\/tr>\n<tr>\n<td width=\"204\">P\u00e9rdida por secado<\/td>\n<td width=\"315\">1% m\u00e1x.<\/td>\n<\/tr>\n<tr>\n<td width=\"204\">Elementos<\/td>\n<td width=\"315\">\u00cdndice<\/td>\n<\/tr>\n<\/tbody>\n<\/table>\n<div class=\"xiaoshujiang_element xsj_anchor\"><a class=\"blank_anchor_name\" name=\"faqs_3\"><\/a><a id=\"faqs_3\" class=\"blank_anchor_id\"><\/a><a class=\"blank_anchor_name\" name=\"faqs\"><\/a><a id=\"faqs\" class=\"blank_anchor_id\"><\/a><\/div>\n<h2 id=\"faqs_3\" class=\"xsj_heading_hash xsj_heading xsj_heading_h2\" data-source-line=\"9\" data-source-line-display=\"true\"><span class=\"xsj_heading_content\">preguntas frecuentes<\/span><\/h2>\n<div class=\"xiaoshujiang_element xsj_anchor\"><a class=\"blank_anchor_name\" name=\"q20how20does20dbnpa20work_4\"><\/a><a id=\"q20how20does20dbnpa20work_4\" class=\"blank_anchor_id\"><\/a><a class=\"blank_anchor_name\" name=\"q-how-does-dbnpa-work\"><\/a><a id=\"q-how-does-dbnpa-work\" class=\"blank_anchor_id\"><\/a><\/div>\n<h3 id=\"q20how20does20dbnpa20work_4\" class=\"xsj_heading_hash xsj_heading xsj_heading_h3\" data-source-line=\"11\" data-source-line-display=\"true\"><span class=\"xsj_heading_content\">P: \u00bfC\u00f3mo funciona DBNPA?<\/span><\/h3>\n<p class=\"xsj_paragraph xsj_paragraph_level_0\" data-source-line=\"13\" data-source-line-display=\"true\">R: DBNPA funciona mediante la liberaci\u00f3n de sustancias t\u00f3xicas en el medio ambiente que matan r\u00e1pidamente los microorganismos no deseados sin dejar residuos peligrosos. Tambi\u00e9n se degrada r\u00e1pidamente en condiciones \u00e1cidas o alcalinas, lo que ayuda a reducir cualquier posible contaminaci\u00f3n ambiental.<\/p>\n<div class=\"xiaoshujiang_element xsj_anchor\"><a class=\"blank_anchor_name\" name=\"q20is20dbnpa20safe20to20use_5\"><\/a><a id=\"q20is20dbnpa20safe20to20use_5\" class=\"blank_anchor_id\"><\/a><a class=\"blank_anchor_name\" name=\"q-is-dbnpa-safe-to-use\"><\/a><a id=\"q-is-dbnpa-safe-to-use\" class=\"blank_anchor_id\"><\/a><\/div>\n<h3 id=\"q20is20dbnpa20safe20to20use_5\" class=\"xsj_heading_hash xsj_heading xsj_heading_h3\" data-source-line=\"15\" data-source-line-display=\"true\"><span class=\"xsj_heading_content\">P: \u00bfEs seguro usar DBNPA?<\/span><\/h3>\n<p class=\"xsj_paragraph xsj_paragraph_level_0\" data-source-line=\"17\" data-source-line-display=\"true\">R: DBNPA se considera seguro cuando se usa de acuerdo con las instrucciones del fabricante. Se ha utilizado de forma segura desde la d\u00e9cada de 1960, con muy pocos problemas de salud informados.<\/p>\n<div class=\"xiaoshujiang_element xsj_anchor\"><a class=\"blank_anchor_name\" name=\"q20what20are20some20of20the20applications20of20dbnpa_6\"><\/a><a id=\"q20what20are20some20of20the20applications20of20dbnpa_6\" class=\"blank_anchor_id\"><\/a><a class=\"blank_anchor_name\" name=\"q-what-are-some-of-the-applications-of-dbnpa\"><\/a><a id=\"q-what-are-some-of-the-applications-of-dbnpa\" class=\"blank_anchor_id\"><\/a><\/div>\n<h3 id=\"q20what20are20some20of20the20applications20of20dbnpa_6\" class=\"xsj_heading_hash xsj_heading xsj_heading_h3\" data-source-line=\"19\" data-source-line-display=\"true\"><span class=\"xsj_heading_content\">P: \u00bfCu\u00e1les son algunas de las aplicaciones de DBNPA?<\/span><\/h3>\n<p class=\"xsj_paragraph xsj_paragraph_level_0\" data-source-line=\"21\" data-source-line-display=\"true\">R: DBNPA se puede encontrar en varias aplicaciones, como el tratamiento de agua de refrigeraci\u00f3n para plantas de energ\u00eda y calderas industriales, f\u00e1bricas de papel, casas de te\u00f1ido de textiles, conservantes de madera y m\u00e1s. Tambi\u00e9n ha sido aprobado para su uso como alguicida en piscinas y spas por los Centros para el Control de Enfermedades (CDC).<\/p>\n<div class=\"xiaoshujiang_element xsj_anchor\"><a class=\"blank_anchor_name\" name=\"q20what20makes20dbnpa20better20than20other20biocides_7\"><\/a><a id=\"q20what20makes20dbnpa20better20than20other20biocides_7\" class=\"blank_anchor_id\"><\/a><a class=\"blank_anchor_name\" name=\"q-what-makes-dbnpa-better-than-other-biocides\"><\/a><a id=\"q-what-makes-dbnpa-better-than-other-biocides\" class=\"blank_anchor_id\"><\/a><\/div>\n<h3 id=\"q20what20makes20dbnpa20better20than20other20biocides_7\" class=\"xsj_heading_hash xsj_heading xsj_heading_h3\" data-source-line=\"23\" data-source-line-display=\"true\"><span class=\"xsj_heading_content\">P: \u00bfQu\u00e9 hace que DBNPA sea mejor que otros biocidas?<\/span><\/h3>\n<p class=\"xsj_paragraph xsj_paragraph_level_0\" data-source-line=\"25\" data-source-line-display=\"true\">R: DBNPA proporciona resultados r\u00e1pidos, como otros biocidas, sin dejar residuos peligrosos. Adem\u00e1s, no depende del cloro ni del bromo para su eficacia. Por lo tanto, no hay necesidad de preocuparse por los problemas relacionados con el cloro, como la corrosi\u00f3n o el olor asociado con esos compuestos.<\/p>\n<div class=\"xiaoshujiang_element xsj_anchor\"><a class=\"blank_anchor_name\" name=\"q20does20dbnpa20have20any20environmental20concerns_8\"><\/a><a id=\"q20does20dbnpa20have20any20environmental20concerns_8\" class=\"blank_anchor_id\"><\/a><a class=\"blank_anchor_name\" name=\"q-does-dbnpa-have-any-environmental-concerns\"><\/a><a id=\"q-does-dbnpa-have-any-environmental-concerns\" class=\"blank_anchor_id\"><\/a><\/div>\n<h3 id=\"q20does20dbnpa20have20any20environmental20concerns_8\" class=\"xsj_heading_hash xsj_heading xsj_heading_h3\" data-source-line=\"27\" data-source-line-display=\"true\"><span class=\"xsj_heading_content\">P: \u00bfDBNPA tiene alguna preocupaci\u00f3n ambiental?<\/span><\/h3>\n<p class=\"xsj_paragraph xsj_paragraph_level_0\" data-source-line=\"29\" data-source-line-display=\"true\">R: No, se degrada r\u00e1pidamente en condiciones \u00e1cidas o alcalinas, lo que ayuda a reducir cualquier posible contaminaci\u00f3n ambiental de este compuesto qu\u00edmico.<\/p>\n<p class=\"xsj_paragraph xsj_paragraph_level_0\" data-source-line=\"34\" data-source-line-display=\"true\"><a class=\"xsj_link xsj_manu_link\" href=\"https:\/\/vcycletech.com\/es\/biocida-y-algicida\/\">Obtenga la soluci\u00f3n completa de biocidas y alguicidas<\/a>.<\/p>","protected":false},"excerpt":{"rendered":"<p><strong>DBNPA<\/strong> es un biocida altamente eficaz que elimina r\u00e1pidamente los microorganismos no deseados y se degrada r\u00e1pidamente en condiciones \u00e1cidas o alcalinas. Funciona de manera similar a los biocidas a base de hal\u00f3geno, brindando resultados r\u00e1pidos sin dejar residuos peligrosos. DBNPA es ideal para su uso en el procesamiento de alimentos, instalaciones de manipulaci\u00f3n y otras aplicaciones industriales. vcycletech ofrece DBNPA en grandes cantidades para su conveniencia. \u00a1Haz tu pedido hoy!<\/p>","protected":false},"featured_media":1102,"template":"","meta":{"site-sidebar-layout":"default","site-content-layout":"default","ast-site-content-layout":"default","site-content-style":"default","site-sidebar-style":"default","ast-global-header-display":"","ast-banner-title-visibility":"","ast-main-header-display":"","ast-hfb-above-header-display":"","ast-hfb-below-header-display":"","ast-hfb-mobile-header-display":"","site-post-title":"","ast-breadcrumbs-content":"","ast-featured-img":"","footer-sml-layout":"","ast-disable-related-posts":"","theme-transparent-header-meta":"default","adv-header-id-meta":"","stick-header-meta":"default","header-above-stick-meta":"","header-main-stick-meta":"","header-below-stick-meta":"","astra-migrate-meta-layouts":"default","ast-page-background-enabled":"default","ast-page-background-meta":{"desktop":{"background-color":"","background-image":"","background-repeat":"repeat","background-position":"center center","background-size":"auto","background-attachment":"scroll","background-type":"","background-media":"","overlay-type":"","overlay-color":"","overlay-opacity":"","overlay-gradient":""},"tablet":{"background-color":"","background-image":"","background-repeat":"repeat","background-position":"center center","background-size":"auto","background-attachment":"scroll","background-type":"","background-media":"","overlay-type":"","overlay-color":"","overlay-opacity":"","overlay-gradient":""},"mobile":{"background-color":"","background-image":"","background-repeat":"repeat","background-position":"center center","background-size":"auto","background-attachment":"scroll","background-type":"","background-media":"","overlay-type":"","overlay-color":"","overlay-opacity":"","overlay-gradient":""}},"ast-content-background-meta":{"desktop":{"background-color":"var(--ast-global-color-5)","background-image":"","background-repeat":"repeat","background-position":"center center","background-size":"auto","background-attachment":"scroll","background-type":"","background-media":"","overlay-type":"","overlay-color":"","overlay-opacity":"","overlay-gradient":""},"tablet":{"background-color":"var(--ast-global-color-5)","background-image":"","background-repeat":"repeat","background-position":"center center","background-size":"auto","background-attachment":"scroll","background-type":"","background-media":"","overlay-type":"","overlay-color":"","overlay-opacity":"","overlay-gradient":""},"mobile":{"background-color":"var(--ast-global-color-5)","background-image":"","background-repeat":"repeat","background-position":"center center","background-size":"auto","background-attachment":"scroll","background-type":"","background-media":"","overlay-type":"","overlay-color":"","overlay-opacity":"","overlay-gradient":""}}},"product_brand":[],"product_cat":[29],"product_tag":[],"class_list":{"0":"post-1090","1":"product","2":"type-product","3":"status-publish","4":"has-post-thumbnail","6":"product_cat-biocide-and-algicide","7":"desktop-align-left","8":"tablet-align-left","9":"mobile-align-left","10":"ast-product-gallery-layout-horizontal-slider","11":"ast-product-gallery-with-no-image","12":"ast-product-tabs-layout-horizontal","14":"first","15":"instock","16":"shipping-taxable","17":"product-type-simple"},"yoast_head":"<!-- This site is optimized with the Yoast SEO Premium plugin v26.3 (Yoast SEO v27.3) - https:\/\/yoast.com\/product\/yoast-seo-premium-wordpress\/ -->\n<title>DBNPA - vcycletech<\/title>\n<meta name=\"description\" content=\"Come and try out DBNPA, the fast-acting biocide that quickly hydrolyzes under acid or alkaline conditions! Its instability means it kills quickly and then safely degrades into a variety of products. #DBNPA\" \/>\n<meta name=\"robots\" content=\"index, follow, max-snippet:-1, max-image-preview:large, max-video-preview:-1\" \/>\n<link rel=\"canonical\" href=\"https:\/\/vcycletech.com\/es\/producto\/dbnpa\/\" \/>\n<meta property=\"og:locale\" content=\"es_MX\" \/>\n<meta property=\"og:type\" content=\"article\" \/>\n<meta property=\"og:title\" content=\"DBNPA\" \/>\n<meta property=\"og:description\" content=\"Come and try out DBNPA, the fast-acting biocide that quickly hydrolyzes under acid or alkaline conditions! Its instability means it kills quickly and then safely degrades into a variety of products. #DBNPA\" \/>\n<meta property=\"og:url\" content=\"https:\/\/vcycletech.com\/es\/producto\/dbnpa\/\" \/>\n<meta property=\"og:site_name\" content=\"vcycletech\" \/>\n<meta property=\"article:modified_time\" content=\"2023-03-24T03:33:33+00:00\" \/>\n<meta property=\"og:image\" content=\"https:\/\/vcycletech.com\/wp-content\/uploads\/2023\/03\/DBNPA-e1679628807101.png\" \/>\n\t<meta property=\"og:image:width\" content=\"600\" \/>\n\t<meta property=\"og:image:height\" content=\"600\" \/>\n\t<meta property=\"og:image:type\" content=\"image\/png\" \/>\n<meta name=\"twitter:card\" content=\"summary_large_image\" \/>\n<meta name=\"twitter:label1\" content=\"Tiempo de lectura\" \/>\n\t<meta name=\"twitter:data1\" content=\"2 minutos\" \/>\n<script type=\"application\/ld+json\" class=\"yoast-schema-graph\">{\"@context\":\"https:\\\/\\\/schema.org\",\"@graph\":[{\"@type\":\"WebPage\",\"@id\":\"https:\\\/\\\/vcycletech.com\\\/product\\\/dbnpa\\\/\",\"url\":\"https:\\\/\\\/vcycletech.com\\\/product\\\/dbnpa\\\/\",\"name\":\"DBNPA - vcycletech\",\"isPartOf\":{\"@id\":\"https:\\\/\\\/vcycletech.com\\\/#website\"},\"primaryImageOfPage\":{\"@id\":\"https:\\\/\\\/vcycletech.com\\\/product\\\/dbnpa\\\/#primaryimage\"},\"image\":{\"@id\":\"https:\\\/\\\/vcycletech.com\\\/product\\\/dbnpa\\\/#primaryimage\"},\"thumbnailUrl\":\"https:\\\/\\\/vcycletech.com\\\/wp-content\\\/uploads\\\/2023\\\/03\\\/DBNPA-e1679628807101.png\",\"datePublished\":\"2023-03-21T06:36:25+00:00\",\"dateModified\":\"2023-03-24T03:33:33+00:00\",\"description\":\"Come and try out DBNPA, the fast-acting biocide that quickly hydrolyzes under acid or alkaline conditions! Its instability means it kills quickly and then safely degrades into a variety of products. #DBNPA\",\"breadcrumb\":{\"@id\":\"https:\\\/\\\/vcycletech.com\\\/product\\\/dbnpa\\\/#breadcrumb\"},\"inLanguage\":\"es\",\"potentialAction\":[{\"@type\":\"ReadAction\",\"target\":[\"https:\\\/\\\/vcycletech.com\\\/product\\\/dbnpa\\\/\"]}]},{\"@type\":\"ImageObject\",\"inLanguage\":\"es\",\"@id\":\"https:\\\/\\\/vcycletech.com\\\/product\\\/dbnpa\\\/#primaryimage\",\"url\":\"https:\\\/\\\/vcycletech.com\\\/wp-content\\\/uploads\\\/2023\\\/03\\\/DBNPA-e1679628807101.png\",\"contentUrl\":\"https:\\\/\\\/vcycletech.com\\\/wp-content\\\/uploads\\\/2023\\\/03\\\/DBNPA-e1679628807101.png\",\"width\":600,\"height\":600,\"caption\":\"DBNPA\"},{\"@type\":\"BreadcrumbList\",\"@id\":\"https:\\\/\\\/vcycletech.com\\\/product\\\/dbnpa\\\/#breadcrumb\",\"itemListElement\":[{\"@type\":\"ListItem\",\"position\":1,\"name\":\"Home\",\"item\":\"https:\\\/\\\/vcycletech.com\\\/\"},{\"@type\":\"ListItem\",\"position\":2,\"name\":\"Water Treatment Chemicals Manufacturer\",\"item\":\"https:\\\/\\\/vcycletech.com\\\/water-treatment-chemicals-manufacturer\\\/\"},{\"@type\":\"ListItem\",\"position\":3,\"name\":\"DBNPA\"}]},{\"@type\":\"WebSite\",\"@id\":\"https:\\\/\\\/vcycletech.com\\\/#website\",\"url\":\"https:\\\/\\\/vcycletech.com\\\/\",\"name\":\"vcycletech\",\"description\":\"China&#039;s top water treatment chemicals supplier\",\"publisher\":{\"@id\":\"https:\\\/\\\/vcycletech.com\\\/#organization\"},\"potentialAction\":[{\"@type\":\"SearchAction\",\"target\":{\"@type\":\"EntryPoint\",\"urlTemplate\":\"https:\\\/\\\/vcycletech.com\\\/?s={search_term_string}\"},\"query-input\":{\"@type\":\"PropertyValueSpecification\",\"valueRequired\":true,\"valueName\":\"search_term_string\"}}],\"inLanguage\":\"es\"},{\"@type\":\"Organization\",\"@id\":\"https:\\\/\\\/vcycletech.com\\\/#organization\",\"name\":\"vcycletech\",\"url\":\"https:\\\/\\\/vcycletech.com\\\/\",\"logo\":{\"@type\":\"ImageObject\",\"inLanguage\":\"es\",\"@id\":\"https:\\\/\\\/vcycletech.com\\\/#\\\/schema\\\/logo\\\/image\\\/\",\"url\":\"https:\\\/\\\/vcycletech.com\\\/wp-content\\\/uploads\\\/2023\\\/03\\\/logo-vcycletech-1.png\",\"contentUrl\":\"https:\\\/\\\/vcycletech.com\\\/wp-content\\\/uploads\\\/2023\\\/03\\\/logo-vcycletech-1.png\",\"width\":600,\"height\":400,\"caption\":\"vcycletech\"},\"image\":{\"@id\":\"https:\\\/\\\/vcycletech.com\\\/#\\\/schema\\\/logo\\\/image\\\/\"}}]}<\/script>\n<!-- \/ Yoast SEO Premium plugin. -->","yoast_head_json":{"title":"DBNPA - vcycletech","description":"\u00a1Ven y prueba DBNPA, el biocida de acci\u00f3n r\u00e1pida que se hidroliza r\u00e1pidamente en condiciones \u00e1cidas o alcalinas! Su inestabilidad significa que mata r\u00e1pidamente y luego se degrada de forma segura en una variedad de productos. #DBNPA","robots":{"index":"index","follow":"follow","max-snippet":"max-snippet:-1","max-image-preview":"max-image-preview:large","max-video-preview":"max-video-preview:-1"},"canonical":"https:\/\/vcycletech.com\/es\/producto\/dbnpa\/","og_locale":"es_MX","og_type":"article","og_title":"DBNPA","og_description":"Come and try out DBNPA, the fast-acting biocide that quickly hydrolyzes under acid or alkaline conditions! Its instability means it kills quickly and then safely degrades into a variety of products. #DBNPA","og_url":"https:\/\/vcycletech.com\/es\/producto\/dbnpa\/","og_site_name":"vcycletech","article_modified_time":"2023-03-24T03:33:33+00:00","og_image":[{"width":600,"height":600,"url":"https:\/\/vcycletech.com\/wp-content\/uploads\/2023\/03\/DBNPA-e1679628807101.png","type":"image\/png"}],"twitter_card":"summary_large_image","twitter_misc":{"Tiempo de lectura":"2 minutos"},"schema":{"@context":"https:\/\/schema.org","@graph":[{"@type":"WebPage","@id":"https:\/\/vcycletech.com\/product\/dbnpa\/","url":"https:\/\/vcycletech.com\/product\/dbnpa\/","name":"DBNPA - vcycletech","isPartOf":{"@id":"https:\/\/vcycletech.com\/#website"},"primaryImageOfPage":{"@id":"https:\/\/vcycletech.com\/product\/dbnpa\/#primaryimage"},"image":{"@id":"https:\/\/vcycletech.com\/product\/dbnpa\/#primaryimage"},"thumbnailUrl":"https:\/\/vcycletech.com\/wp-content\/uploads\/2023\/03\/DBNPA-e1679628807101.png","datePublished":"2023-03-21T06:36:25+00:00","dateModified":"2023-03-24T03:33:33+00:00","description":"\u00a1Ven y prueba DBNPA, el biocida de acci\u00f3n r\u00e1pida que se hidroliza r\u00e1pidamente en condiciones \u00e1cidas o alcalinas! Su inestabilidad significa que mata r\u00e1pidamente y luego se degrada de forma segura en una variedad de productos. #DBNPA","breadcrumb":{"@id":"https:\/\/vcycletech.com\/product\/dbnpa\/#breadcrumb"},"inLanguage":"es","potentialAction":[{"@type":"ReadAction","target":["https:\/\/vcycletech.com\/product\/dbnpa\/"]}]},{"@type":"ImageObject","inLanguage":"es","@id":"https:\/\/vcycletech.com\/product\/dbnpa\/#primaryimage","url":"https:\/\/vcycletech.com\/wp-content\/uploads\/2023\/03\/DBNPA-e1679628807101.png","contentUrl":"https:\/\/vcycletech.com\/wp-content\/uploads\/2023\/03\/DBNPA-e1679628807101.png","width":600,"height":600,"caption":"DBNPA"},{"@type":"BreadcrumbList","@id":"https:\/\/vcycletech.com\/product\/dbnpa\/#breadcrumb","itemListElement":[{"@type":"ListItem","position":1,"name":"Home","item":"https:\/\/vcycletech.com\/"},{"@type":"ListItem","position":2,"name":"Water Treatment Chemicals Manufacturer","item":"https:\/\/vcycletech.com\/water-treatment-chemicals-manufacturer\/"},{"@type":"ListItem","position":3,"name":"DBNPA"}]},{"@type":"WebSite","@id":"https:\/\/vcycletech.com\/#website","url":"https:\/\/vcycletech.com\/","name":"vcycletech","description":"El principal proveedor de productos qu\u00edmicos para el tratamiento del agua de China y #039;","publisher":{"@id":"https:\/\/vcycletech.com\/#organization"},"potentialAction":[{"@type":"SearchAction","target":{"@type":"EntryPoint","urlTemplate":"https:\/\/vcycletech.com\/?s={search_term_string}"},"query-input":{"@type":"PropertyValueSpecification","valueRequired":true,"valueName":"search_term_string"}}],"inLanguage":"es"},{"@type":"Organization","@id":"https:\/\/vcycletech.com\/#organization","name":"vcycletech","url":"https:\/\/vcycletech.com\/","logo":{"@type":"ImageObject","inLanguage":"es","@id":"https:\/\/vcycletech.com\/#\/schema\/logo\/image\/","url":"https:\/\/vcycletech.com\/wp-content\/uploads\/2023\/03\/logo-vcycletech-1.png","contentUrl":"https:\/\/vcycletech.com\/wp-content\/uploads\/2023\/03\/logo-vcycletech-1.png","width":600,"height":400,"caption":"vcycletech"},"image":{"@id":"https:\/\/vcycletech.com\/#\/schema\/logo\/image\/"}}]}},"_links":{"self":[{"href":"https:\/\/vcycletech.com\/es\/wp-json\/wp\/v2\/product\/1090","targetHints":{"allow":["GET"]}}],"collection":[{"href":"https:\/\/vcycletech.com\/es\/wp-json\/wp\/v2\/product"}],"about":[{"href":"https:\/\/vcycletech.com\/es\/wp-json\/wp\/v2\/types\/product"}],"wp:featuredmedia":[{"embeddable":true,"href":"https:\/\/vcycletech.com\/es\/wp-json\/wp\/v2\/media\/1102"}],"wp:attachment":[{"href":"https:\/\/vcycletech.com\/es\/wp-json\/wp\/v2\/media?parent=1090"}],"wp:term":[{"taxonomy":"product_brand","embeddable":true,"href":"https:\/\/vcycletech.com\/es\/wp-json\/wp\/v2\/product_brand?post=1090"},{"taxonomy":"product_cat","embeddable":true,"href":"https:\/\/vcycletech.com\/es\/wp-json\/wp\/v2\/product_cat?post=1090"},{"taxonomy":"product_tag","embeddable":true,"href":"https:\/\/vcycletech.com\/es\/wp-json\/wp\/v2\/product_tag?post=1090"}],"curies":[{"name":"wp","href":"https:\/\/api.w.org\/{rel}","templated":true}]}}