{"id":1041,"date":"2023-03-21T02:32:12","date_gmt":"2023-03-21T02:32:12","guid":{"rendered":"https:\/\/vcycletech.com\/?post_type=product&#038;p=1041"},"modified":"2023-03-24T03:36:18","modified_gmt":"2023-03-24T03:36:18","slug":"acido-tricloroisocianurico-tcca","status":"publish","type":"product","link":"https:\/\/vcycletech.com\/es\/producto\/acido-tricloroisocianurico-tcca\/","title":{"rendered":"\u00c1cido tricloroisocian\u00farico (TCCA)"},"content":{"rendered":"<h3 id=\"structural20formula_1\" class=\"xsj_heading_hash xsj_heading xsj_heading_h3\" data-source-line=\"0\" data-source-line-display=\"true\"><span class=\"xsj_heading_content\">F\u00f3rmula estructural:<\/span><\/h3>\n<p><img fetchpriority=\"high\" decoding=\"async\" class=\"alignnone size-full wp-image-1051\" src=\"https:\/\/vcycletech.com\/wp-content\/uploads\/2023\/03\/\u672a\u547d\u540d\u7684\u8bbe\u8ba1-11.png\" alt=\"\u00c1cido tricloroisocian\u00farico (TCCA)\" width=\"500\" height=\"500\" srcset=\"https:\/\/vcycletech.com\/wp-content\/uploads\/2023\/03\/\u672a\u547d\u540d\u7684\u8bbe\u8ba1-11.png 500w, https:\/\/vcycletech.com\/wp-content\/uploads\/2023\/03\/\u672a\u547d\u540d\u7684\u8bbe\u8ba1-11-100x100.png 100w, https:\/\/vcycletech.com\/wp-content\/uploads\/2023\/03\/\u672a\u547d\u540d\u7684\u8bbe\u8ba1-11-300x300.png 300w, https:\/\/vcycletech.com\/wp-content\/uploads\/2023\/03\/\u672a\u547d\u540d\u7684\u8bbe\u8ba1-11-150x150.png 150w\" sizes=\"(max-width: 500px) 100vw, 500px\" \/><\/p>\n<p class=\"xsj_paragraph xsj_paragraph_level_0\" data-source-line=\"2\" data-source-line-display=\"true\">NO CAS. 87-90-1<br \/>\nN\u00ba SA: 2933.6922<br \/>\nF\u00f3rmula molecular: C3N3O3Cl3<br \/>\nPeso molecular: 232,44<\/p>\n<h3>Propiedades:<\/h3>\n<p>El TCCA generalmente se vende en forma granular s\u00f3lida, lo que puede ser una opci\u00f3n econ\u00f3mica en comparaci\u00f3n con las alternativas l\u00edquidas. Adem\u00e1s de ser un desinfectante f\u00e1cil de usar que brinda resultados r\u00e1pidos con un m\u00ednimo esfuerzo, su efectividad contin\u00faa incluso cuando se mezcla con part\u00edculas de polvo y suciedad.<\/p>\n<p>El TCCA tambi\u00e9n es muy soluble en agua, lo que lo convierte en una opci\u00f3n ideal para usar en tanques de agua y piscinas, al mismo tiempo que puede proporcionar una desinfecci\u00f3n r\u00e1pida sin dejar residuos irritantes en superficies o telas. Adem\u00e1s, no corroe los metales u otros materiales como lo hacen muchos otros desinfectantes, lo que lo convierte en una excelente opci\u00f3n para uso a largo plazo.<\/p>\n<h3 id=\"applications_2\" class=\"xsj_heading_hash xsj_heading xsj_heading_h3\" data-source-line=\"8\" data-source-line-display=\"true\"><span class=\"xsj_heading_content\">Aplicaciones<\/span><\/h3>\n<p class=\"xsj_paragraph xsj_paragraph_level_0\" data-source-line=\"10\" data-source-line-display=\"true\">TCCA es adecuado para su uso tanto en interiores como en exteriores debido a su versatilidad y caracter\u00edsticas f\u00e1ciles de usar. Se puede usar en superficies duras, como encimeras o pisos de cocina, as\u00ed como en superficies blandas, como s\u00e1banas y toallas, sin causar da\u00f1os ni decoloraci\u00f3n. Tambi\u00e9n se puede usar en lavadoras y lavavajillas despu\u00e9s de cada ciclo para mantenerlos libres de g\u00e9rmenes.<\/p>\n<p class=\"xsj_paragraph xsj_paragraph_level_0\" data-source-line=\"12\" data-source-line-display=\"true\">En t\u00e9rminos de aplicaciones de saneamiento del agua, este compuesto se puede utilizar en piscinas y acuarios para garantizar una buena calidad del agua y mantener a raya la proliferaci\u00f3n de algas. Tambi\u00e9n es ampliamente utilizado para desinfectar tanques de agua potable, ya que no afecta el equilibrio del pH del agua ni deja ning\u00fan residuo irritante como pueden hacer otros productos.<\/p>\n<h2>Especificaci\u00f3n<\/h2>\n<div id=\"footable_parent_1014\" class=\"footable_parent ninja_table_wrapper wp_table_data_press_parent semantic_ui\">\n<table style=\"height: 239px;\" width=\"1000\">\n<tbody>\n<tr>\n<td width=\"204\">Elementos<\/td>\n<td width=\"315\">\u00cdndice<\/td>\n<\/tr>\n<tr>\n<td>Cloro disponible<\/td>\n<td>90% m\u00edn.<\/td>\n<\/tr>\n<tr>\n<td>pH (soluci\u00f3n de agua 1%)<\/td>\n<td>2.7~3.3<\/td>\n<\/tr>\n<tr>\n<td>Humedad<\/td>\n<td>0.5% m\u00e1x.<\/td>\n<\/tr>\n<\/tbody>\n<\/table>\n<\/div>\n<h2 id=\"faqs_3\" class=\"xsj_heading_hash xsj_heading xsj_heading_h2\" data-source-line=\"10\" data-source-line-display=\"true\"><span class=\"xsj_heading_content\">preguntas frecuentes<\/span><\/h2>\n<div class=\"xiaoshujiang_element xsj_anchor\"><a class=\"blank_anchor_name\" name=\"q20how20do20i20use20trichloroisocyanuric20acid20tcca_4\"><\/a><a id=\"q20how20do20i20use20trichloroisocyanuric20acid20tcca_4\" class=\"blank_anchor_id\"><\/a><a class=\"blank_anchor_name\" name=\"q-how-do-i-use-trichloroisocyanuric-acid-tcca\"><\/a><a id=\"q-how-do-i-use-trichloroisocyanuric-acid-tcca\" class=\"blank_anchor_id\"><\/a><\/div>\n<h3 id=\"q20how20do20i20use20trichloroisocyanuric20acid20tcca_4\" class=\"xsj_heading_hash xsj_heading xsj_heading_h3\" data-source-line=\"12\" data-source-line-display=\"true\"><span class=\"xsj_heading_content\">P: \u00bfC\u00f3mo uso el \u00e1cido tricloroisocian\u00farico (TCCA)?<\/span><\/h3>\n<p class=\"xsj_paragraph xsj_paragraph_level_0\" data-source-line=\"14\" data-source-line-display=\"true\">R: Dependiendo de la aplicaci\u00f3n que requiera de TCCA, deber\u00e1 preparar una soluci\u00f3n de acuerdo con las instrucciones proporcionadas por el fabricante seg\u00fan el tipo de superficie que est\u00e9 tratando o la cantidad de agua que se est\u00e9 ba\u00f1ando\/bebiendo\/usando en su piscina\/acuario, etc. Una vez que haya preparado el nivel de concentraci\u00f3n deseado en consecuencia (como se recomienda), simplemente apl\u00edquelo directamente sobre la superficie deseada usando un cepillo\/mopa\/spray\/esponja, etc., dependiendo de lo que funcione mejor para su elegido. solicitud.<\/p>\n<div class=\"xiaoshujiang_element xsj_anchor\"><a class=\"blank_anchor_name\" name=\"q20is20trichloroisocyanuric20acid20tcca20dangerous_5\"><\/a><a id=\"q20is20trichloroisocyanuric20acid20tcca20dangerous_5\" class=\"blank_anchor_id\"><\/a><a class=\"blank_anchor_name\" name=\"q-is-trichloroisocyanuric-acid-tcca-dangerous\"><\/a><a id=\"q-is-trichloroisocyanuric-acid-tcca-dangerous\" class=\"blank_anchor_id\"><\/a><\/div>\n<h3 id=\"q20is20trichloroisocyanuric20acid20tcca20dangerous_5\" class=\"xsj_heading_hash xsj_heading xsj_heading_h3\" data-source-line=\"16\" data-source-line-display=\"true\"><span class=\"xsj_heading_content\">P: \u00bfEs peligroso el \u00e1cido tricloroisocian\u00farico (TCCA)?<\/span><\/h3>\n<p class=\"xsj_paragraph xsj_paragraph_level_0\" data-source-line=\"18\" data-source-line-display=\"true\">R: Si bien el contacto moderado con TCCA no deber\u00eda causar ning\u00fan da\u00f1o, la exposici\u00f3n excesiva puede provocar irritaci\u00f3n de los ojos y la piel si no se protege durante el uso, por lo que recomendamos usar prendas protectoras como guantes, gafas protectoras o m\u00e1scaras faciales cuando manipule esta sustancia o roc\u00ede soluciones hechas. de \u00e9l directamente a usted mismo o a los transe\u00fantes cercanos mientras trabaja con \u00e9l. Para garantizar la m\u00e1xima seguridad en todo momento, sugerimos que todos los usuarios sigan cuidadosamente las instrucciones del fabricante antes de comenzar a trabajar con este producto.<\/p>\n<div class=\"xiaoshujiang_element xsj_anchor\"><a class=\"blank_anchor_name\" name=\"q20does20trichloroisocyanuric20acid20tcca20have20a20shelf20life_6\"><\/a><a id=\"q20does20trichloroisocyanuric20acid20tcca20have20a20shelf20life_6\" class=\"blank_anchor_id\"><\/a><a class=\"blank_anchor_name\" name=\"q-does-trichloroisocyanuric-acid-tcca-have-a-shelf-life\"><\/a><a id=\"q-does-trichloroisocyanuric-acid-tcca-have-a-shelf-life\" class=\"blank_anchor_id\"><\/a><\/div>\n<h3 id=\"q20does20trichloroisocyanuric20acid20tcca20have20a20shelf20life_6\" class=\"xsj_heading_hash xsj_heading xsj_heading_h3\" data-source-line=\"20\" data-source-line-display=\"true\"><span class=\"xsj_heading_content\">P: \u00bfEl \u00e1cido tricloroisocian\u00farico (TCCA) tiene una vida \u00fatil?<\/span><\/h3>\n<p class=\"xsj_paragraph xsj_paragraph_level_0\" data-source-line=\"22\" data-source-line-display=\"true\">R: \u00a1S\u00ed! A pesar de que el TCCa no necesariamente caduca r\u00e1pidamente al abrirlo como lo hacen otros productos, siempre es una buena pr\u00e1ctica almacenar esta sustancia lejos de fuentes de calor. En lugares frescos y secos, preferiblemente lejos de la luz solar directa porque se sabe que estos factores tambi\u00e9n causan degradaci\u00f3n. Los ingredientes activos de tccas si se exponen durante per\u00edodos prolongados de tiempo, lo que lleva a niveles de rendimiento demasiado reducidos con el tiempo.<\/p>\n<div class=\"xiaoshujiang_element xsj_anchor\"><a class=\"blank_anchor_name\" name=\"q20how20often20should20i20use20trichloroisocyanuric20acid20tcca_7\"><\/a><a id=\"q20how20often20should20i20use20trichloroisocyanuric20acid20tcca_7\" class=\"blank_anchor_id\"><\/a><a class=\"blank_anchor_name\" name=\"q-how-often-should-i-use-trichloroisocyanuric-acid-tcca\"><\/a><a id=\"q-how-often-should-i-use-trichloroisocyanuric-acid-tcca\" class=\"blank_anchor_id\"><\/a><\/div>\n<h3 id=\"q20how20often20should20i20use20trichloroisocyanuric20acid20tcca_7\" class=\"xsj_heading_hash xsj_heading xsj_heading_h3\" data-source-line=\"24\" data-source-line-display=\"true\"><span class=\"xsj_heading_content\">P: \u00bfCon qu\u00e9 frecuencia debo usar \u00e1cido tricloroisocian\u00farico (TCCA)?<\/span><\/h3>\n<p class=\"xsj_paragraph xsj_paragraph_level_0\" data-source-line=\"26\" data-source-line-display=\"true\">R: Dependiendo del tipo de aplicaci\u00f3n para la que est\u00e9 usando tcca, la frecuencia de uso probablemente variar\u00e1: por ejemplo, si usa este producto regularmente alrededor de las \u00e1reas de preparaci\u00f3n de alimentos, \u00bfentonces se requerir\u00e1 una desinfecci\u00f3n diaria regular? Mientras que si la aplicaci\u00f3n de tcca tambi\u00e9n mantiene limpias las piscinas, entonces las dosis semanales podr\u00edan ser suficientes. Dicho esto, tambi\u00e9n es importante consultar con las pautas de los fabricantes con respecto a las dosis recomendadas por aplicaci\u00f3n antes de continuar.<\/p>\n<p class=\"xsj_paragraph xsj_paragraph_level_0\" data-source-line=\"9\" data-source-line-display=\"true\"><a class=\"xsj_link xsj_manu_link\" href=\"https:\/\/vcycletech.com\/es\/biocida-y-algicida\/\">Obtenga la soluci\u00f3n completa de biocidas y alguicidas<\/a><\/p>","protected":false},"excerpt":{"rendered":"<p>\u00bfBusca un desinfectante confiable y eficiente? No busques m\u00e1s que <strong>\u00e1cido tricloroisocian\u00farico, <\/strong>o<strong> TCCA<\/strong>Este compuesto org\u00e1nico tiene un amplio espectro de usos, desde la desinfecci\u00f3n del agua potable hasta el encogimiento de la ropa. Supera al hipoclorito de sodio en t\u00e9rminos de tasa de eliminaci\u00f3n de bacterias, lo que lo hace esencial para establecimientos como restaurantes u hoteles e instalaciones m\u00e9dicas como hospitales en todo el mundo. vcycletech ofrece la mejor porcelana TCCA, por lo que puede estar seguro de que est\u00e1 obteniendo el producto de calidad que necesita. \u00a1Ordene ahora y experimente la diferencia!<\/p>","protected":false},"featured_media":1052,"template":"","meta":{"site-sidebar-layout":"default","site-content-layout":"default","ast-site-content-layout":"default","site-content-style":"default","site-sidebar-style":"default","ast-global-header-display":"","ast-banner-title-visibility":"","ast-main-header-display":"","ast-hfb-above-header-display":"","ast-hfb-below-header-display":"","ast-hfb-mobile-header-display":"","site-post-title":"","ast-breadcrumbs-content":"","ast-featured-img":"","footer-sml-layout":"","ast-disable-related-posts":"","theme-transparent-header-meta":"default","adv-header-id-meta":"","stick-header-meta":"default","header-above-stick-meta":"","header-main-stick-meta":"","header-below-stick-meta":"","astra-migrate-meta-layouts":"default","ast-page-background-enabled":"default","ast-page-background-meta":{"desktop":{"background-color":"","background-image":"","background-repeat":"repeat","background-position":"center center","background-size":"auto","background-attachment":"scroll","background-type":"","background-media":"","overlay-type":"","overlay-color":"","overlay-opacity":"","overlay-gradient":""},"tablet":{"background-color":"","background-image":"","background-repeat":"repeat","background-position":"center center","background-size":"auto","background-attachment":"scroll","background-type":"","background-media":"","overlay-type":"","overlay-color":"","overlay-opacity":"","overlay-gradient":""},"mobile":{"background-color":"","background-image":"","background-repeat":"repeat","background-position":"center center","background-size":"auto","background-attachment":"scroll","background-type":"","background-media":"","overlay-type":"","overlay-color":"","overlay-opacity":"","overlay-gradient":""}},"ast-content-background-meta":{"desktop":{"background-color":"var(--ast-global-color-5)","background-image":"","background-repeat":"repeat","background-position":"center center","background-size":"auto","background-attachment":"scroll","background-type":"","background-media":"","overlay-type":"","overlay-color":"","overlay-opacity":"","overlay-gradient":""},"tablet":{"background-color":"var(--ast-global-color-5)","background-image":"","background-repeat":"repeat","background-position":"center center","background-size":"auto","background-attachment":"scroll","background-type":"","background-media":"","overlay-type":"","overlay-color":"","overlay-opacity":"","overlay-gradient":""},"mobile":{"background-color":"var(--ast-global-color-5)","background-image":"","background-repeat":"repeat","background-position":"center center","background-size":"auto","background-attachment":"scroll","background-type":"","background-media":"","overlay-type":"","overlay-color":"","overlay-opacity":"","overlay-gradient":""}}},"product_brand":[],"product_cat":[29],"product_tag":[],"class_list":{"0":"post-1041","1":"product","2":"type-product","3":"status-publish","4":"has-post-thumbnail","6":"product_cat-biocide-and-algicide","7":"desktop-align-left","8":"tablet-align-left","9":"mobile-align-left","10":"ast-product-gallery-layout-horizontal-slider","11":"ast-product-gallery-with-no-image","12":"ast-product-tabs-layout-horizontal","14":"first","15":"instock","16":"shipping-taxable","17":"product-type-simple"},"yoast_head":"<!-- This site is optimized with the Yoast SEO Premium plugin v26.3 (Yoast SEO v27.5) - https:\/\/yoast.com\/product\/yoast-seo-premium-wordpress\/ -->\n<title>Trichloroisocyanuric Acid (TCCA) - vcycletech<\/title>\n<meta name=\"description\" content=\"Need to disinfect drinking water and prevent shrinkage? Get maximum efficacy and safety with Trichloroisocyanuric Acid (TCCA)! This organic compound offers a broad spectrum of highly efficient uses that make it ideal for keeping your drinking water safe - get the protection you need with TCCA!\" \/>\n<meta name=\"robots\" content=\"index, follow, max-snippet:-1, max-image-preview:large, max-video-preview:-1\" \/>\n<link rel=\"canonical\" href=\"https:\/\/vcycletech.com\/es\/producto\/acido-tricloroisocianurico-tcca\/\" \/>\n<meta property=\"og:locale\" content=\"es_MX\" \/>\n<meta property=\"og:type\" content=\"article\" \/>\n<meta property=\"og:title\" content=\"Trichloroisocyanuric Acid (TCCA)\" \/>\n<meta property=\"og:description\" content=\"Need to disinfect drinking water and prevent shrinkage? Get maximum efficacy and safety with Trichloroisocyanuric Acid (TCCA)! This organic compound offers a broad spectrum of highly efficient uses that make it ideal for keeping your drinking water safe - get the protection you need with TCCA!\" \/>\n<meta property=\"og:url\" content=\"https:\/\/vcycletech.com\/es\/producto\/acido-tricloroisocianurico-tcca\/\" \/>\n<meta property=\"og:site_name\" content=\"vcycletech\" \/>\n<meta property=\"article:modified_time\" content=\"2023-03-24T03:36:18+00:00\" \/>\n<meta property=\"og:image\" content=\"https:\/\/vcycletech.com\/wp-content\/uploads\/2023\/03\/Trichloroisocyanuric-AcidTCCA-e1679628971228.png\" \/>\n\t<meta property=\"og:image:width\" content=\"600\" \/>\n\t<meta property=\"og:image:height\" content=\"600\" \/>\n\t<meta property=\"og:image:type\" content=\"image\/png\" \/>\n<meta name=\"twitter:card\" content=\"summary_large_image\" \/>\n<meta name=\"twitter:label1\" content=\"Tiempo de lectura\" \/>\n\t<meta name=\"twitter:data1\" content=\"3 minutos\" \/>\n<script type=\"application\/ld+json\" class=\"yoast-schema-graph\">{\"@context\":\"https:\\\/\\\/schema.org\",\"@graph\":[{\"@type\":\"WebPage\",\"@id\":\"https:\\\/\\\/vcycletech.com\\\/product\\\/trichloroisocyanuric-acid-tcca\\\/\",\"url\":\"https:\\\/\\\/vcycletech.com\\\/product\\\/trichloroisocyanuric-acid-tcca\\\/\",\"name\":\"Trichloroisocyanuric Acid (TCCA) - vcycletech\",\"isPartOf\":{\"@id\":\"https:\\\/\\\/vcycletech.com\\\/#website\"},\"primaryImageOfPage\":{\"@id\":\"https:\\\/\\\/vcycletech.com\\\/product\\\/trichloroisocyanuric-acid-tcca\\\/#primaryimage\"},\"image\":{\"@id\":\"https:\\\/\\\/vcycletech.com\\\/product\\\/trichloroisocyanuric-acid-tcca\\\/#primaryimage\"},\"thumbnailUrl\":\"https:\\\/\\\/vcycletech.com\\\/wp-content\\\/uploads\\\/2023\\\/03\\\/Trichloroisocyanuric-AcidTCCA-e1679628971228.png\",\"datePublished\":\"2023-03-21T02:32:12+00:00\",\"dateModified\":\"2023-03-24T03:36:18+00:00\",\"description\":\"Need to disinfect drinking water and prevent shrinkage? Get maximum efficacy and safety with Trichloroisocyanuric Acid (TCCA)! This organic compound offers a broad spectrum of highly efficient uses that make it ideal for keeping your drinking water safe - get the protection you need with TCCA!\",\"breadcrumb\":{\"@id\":\"https:\\\/\\\/vcycletech.com\\\/product\\\/trichloroisocyanuric-acid-tcca\\\/#breadcrumb\"},\"inLanguage\":\"es\",\"potentialAction\":[{\"@type\":\"ReadAction\",\"target\":[\"https:\\\/\\\/vcycletech.com\\\/product\\\/trichloroisocyanuric-acid-tcca\\\/\"]}]},{\"@type\":\"ImageObject\",\"inLanguage\":\"es\",\"@id\":\"https:\\\/\\\/vcycletech.com\\\/product\\\/trichloroisocyanuric-acid-tcca\\\/#primaryimage\",\"url\":\"https:\\\/\\\/vcycletech.com\\\/wp-content\\\/uploads\\\/2023\\\/03\\\/Trichloroisocyanuric-AcidTCCA-e1679628971228.png\",\"contentUrl\":\"https:\\\/\\\/vcycletech.com\\\/wp-content\\\/uploads\\\/2023\\\/03\\\/Trichloroisocyanuric-AcidTCCA-e1679628971228.png\",\"width\":600,\"height\":600,\"caption\":\"Trichloroisocyanuric Acid (TCCA)\"},{\"@type\":\"BreadcrumbList\",\"@id\":\"https:\\\/\\\/vcycletech.com\\\/product\\\/trichloroisocyanuric-acid-tcca\\\/#breadcrumb\",\"itemListElement\":[{\"@type\":\"ListItem\",\"position\":1,\"name\":\"Home\",\"item\":\"https:\\\/\\\/vcycletech.com\\\/\"},{\"@type\":\"ListItem\",\"position\":2,\"name\":\"Water Treatment Chemicals Manufacturer\",\"item\":\"https:\\\/\\\/vcycletech.com\\\/water-treatment-chemicals-manufacturer\\\/\"},{\"@type\":\"ListItem\",\"position\":3,\"name\":\"Trichloroisocyanuric Acid (TCCA)\"}]},{\"@type\":\"WebSite\",\"@id\":\"https:\\\/\\\/vcycletech.com\\\/#website\",\"url\":\"https:\\\/\\\/vcycletech.com\\\/\",\"name\":\"vcycletech\",\"description\":\"China&#039;s top water treatment chemicals supplier\",\"publisher\":{\"@id\":\"https:\\\/\\\/vcycletech.com\\\/#organization\"},\"potentialAction\":[{\"@type\":\"SearchAction\",\"target\":{\"@type\":\"EntryPoint\",\"urlTemplate\":\"https:\\\/\\\/vcycletech.com\\\/?s={search_term_string}\"},\"query-input\":{\"@type\":\"PropertyValueSpecification\",\"valueRequired\":true,\"valueName\":\"search_term_string\"}}],\"inLanguage\":\"es\"},{\"@type\":\"Organization\",\"@id\":\"https:\\\/\\\/vcycletech.com\\\/#organization\",\"name\":\"vcycletech\",\"url\":\"https:\\\/\\\/vcycletech.com\\\/\",\"logo\":{\"@type\":\"ImageObject\",\"inLanguage\":\"es\",\"@id\":\"https:\\\/\\\/vcycletech.com\\\/#\\\/schema\\\/logo\\\/image\\\/\",\"url\":\"https:\\\/\\\/vcycletech.com\\\/wp-content\\\/uploads\\\/2023\\\/03\\\/logo-vcycletech-1.png\",\"contentUrl\":\"https:\\\/\\\/vcycletech.com\\\/wp-content\\\/uploads\\\/2023\\\/03\\\/logo-vcycletech-1.png\",\"width\":600,\"height\":400,\"caption\":\"vcycletech\"},\"image\":{\"@id\":\"https:\\\/\\\/vcycletech.com\\\/#\\\/schema\\\/logo\\\/image\\\/\"}}]}<\/script>\n<!-- \/ Yoast SEO Premium plugin. -->","yoast_head_json":{"title":"\u00c1cido tricloroisocian\u00farico (TCCA) - vcycletech","description":"\u00bfNecesita desinfectar el agua potable y evitar el encogimiento? \u00a1Obtenga la m\u00e1xima eficacia y seguridad con el \u00e1cido tricloroisocian\u00farico (TCCA)! Este compuesto org\u00e1nico ofrece un amplio espectro de usos altamente eficientes que lo hacen ideal para mantener segura su agua potable. \u00a1Obtenga la protecci\u00f3n que necesita con TCCA!","robots":{"index":"index","follow":"follow","max-snippet":"max-snippet:-1","max-image-preview":"max-image-preview:large","max-video-preview":"max-video-preview:-1"},"canonical":"https:\/\/vcycletech.com\/es\/producto\/acido-tricloroisocianurico-tcca\/","og_locale":"es_MX","og_type":"article","og_title":"Trichloroisocyanuric Acid (TCCA)","og_description":"Need to disinfect drinking water and prevent shrinkage? Get maximum efficacy and safety with Trichloroisocyanuric Acid (TCCA)! This organic compound offers a broad spectrum of highly efficient uses that make it ideal for keeping your drinking water safe - get the protection you need with TCCA!","og_url":"https:\/\/vcycletech.com\/es\/producto\/acido-tricloroisocianurico-tcca\/","og_site_name":"vcycletech","article_modified_time":"2023-03-24T03:36:18+00:00","og_image":[{"width":600,"height":600,"url":"https:\/\/vcycletech.com\/wp-content\/uploads\/2023\/03\/Trichloroisocyanuric-AcidTCCA-e1679628971228.png","type":"image\/png"}],"twitter_card":"summary_large_image","twitter_misc":{"Tiempo de lectura":"3 minutos"},"schema":{"@context":"https:\/\/schema.org","@graph":[{"@type":"WebPage","@id":"https:\/\/vcycletech.com\/product\/trichloroisocyanuric-acid-tcca\/","url":"https:\/\/vcycletech.com\/product\/trichloroisocyanuric-acid-tcca\/","name":"\u00c1cido tricloroisocian\u00farico (TCCA) - vcycletech","isPartOf":{"@id":"https:\/\/vcycletech.com\/#website"},"primaryImageOfPage":{"@id":"https:\/\/vcycletech.com\/product\/trichloroisocyanuric-acid-tcca\/#primaryimage"},"image":{"@id":"https:\/\/vcycletech.com\/product\/trichloroisocyanuric-acid-tcca\/#primaryimage"},"thumbnailUrl":"https:\/\/vcycletech.com\/wp-content\/uploads\/2023\/03\/Trichloroisocyanuric-AcidTCCA-e1679628971228.png","datePublished":"2023-03-21T02:32:12+00:00","dateModified":"2023-03-24T03:36:18+00:00","description":"\u00bfNecesita desinfectar el agua potable y evitar el encogimiento? \u00a1Obtenga la m\u00e1xima eficacia y seguridad con el \u00e1cido tricloroisocian\u00farico (TCCA)! Este compuesto org\u00e1nico ofrece un amplio espectro de usos altamente eficientes que lo hacen ideal para mantener segura su agua potable. \u00a1Obtenga la protecci\u00f3n que necesita con TCCA!","breadcrumb":{"@id":"https:\/\/vcycletech.com\/product\/trichloroisocyanuric-acid-tcca\/#breadcrumb"},"inLanguage":"es","potentialAction":[{"@type":"ReadAction","target":["https:\/\/vcycletech.com\/product\/trichloroisocyanuric-acid-tcca\/"]}]},{"@type":"ImageObject","inLanguage":"es","@id":"https:\/\/vcycletech.com\/product\/trichloroisocyanuric-acid-tcca\/#primaryimage","url":"https:\/\/vcycletech.com\/wp-content\/uploads\/2023\/03\/Trichloroisocyanuric-AcidTCCA-e1679628971228.png","contentUrl":"https:\/\/vcycletech.com\/wp-content\/uploads\/2023\/03\/Trichloroisocyanuric-AcidTCCA-e1679628971228.png","width":600,"height":600,"caption":"Trichloroisocyanuric Acid (TCCA)"},{"@type":"BreadcrumbList","@id":"https:\/\/vcycletech.com\/product\/trichloroisocyanuric-acid-tcca\/#breadcrumb","itemListElement":[{"@type":"ListItem","position":1,"name":"Home","item":"https:\/\/vcycletech.com\/"},{"@type":"ListItem","position":2,"name":"Water Treatment Chemicals Manufacturer","item":"https:\/\/vcycletech.com\/water-treatment-chemicals-manufacturer\/"},{"@type":"ListItem","position":3,"name":"Trichloroisocyanuric Acid (TCCA)"}]},{"@type":"WebSite","@id":"https:\/\/vcycletech.com\/#website","url":"https:\/\/vcycletech.com\/","name":"vcycletech","description":"El principal proveedor de productos qu\u00edmicos para el tratamiento del agua de China y #039;","publisher":{"@id":"https:\/\/vcycletech.com\/#organization"},"potentialAction":[{"@type":"SearchAction","target":{"@type":"EntryPoint","urlTemplate":"https:\/\/vcycletech.com\/?s={search_term_string}"},"query-input":{"@type":"PropertyValueSpecification","valueRequired":true,"valueName":"search_term_string"}}],"inLanguage":"es"},{"@type":"Organization","@id":"https:\/\/vcycletech.com\/#organization","name":"vcycletech","url":"https:\/\/vcycletech.com\/","logo":{"@type":"ImageObject","inLanguage":"es","@id":"https:\/\/vcycletech.com\/#\/schema\/logo\/image\/","url":"https:\/\/vcycletech.com\/wp-content\/uploads\/2023\/03\/logo-vcycletech-1.png","contentUrl":"https:\/\/vcycletech.com\/wp-content\/uploads\/2023\/03\/logo-vcycletech-1.png","width":600,"height":400,"caption":"vcycletech"},"image":{"@id":"https:\/\/vcycletech.com\/#\/schema\/logo\/image\/"}}]}},"_links":{"self":[{"href":"https:\/\/vcycletech.com\/es\/wp-json\/wp\/v2\/product\/1041","targetHints":{"allow":["GET"]}}],"collection":[{"href":"https:\/\/vcycletech.com\/es\/wp-json\/wp\/v2\/product"}],"about":[{"href":"https:\/\/vcycletech.com\/es\/wp-json\/wp\/v2\/types\/product"}],"wp:featuredmedia":[{"embeddable":true,"href":"https:\/\/vcycletech.com\/es\/wp-json\/wp\/v2\/media\/1052"}],"wp:attachment":[{"href":"https:\/\/vcycletech.com\/es\/wp-json\/wp\/v2\/media?parent=1041"}],"wp:term":[{"taxonomy":"product_brand","embeddable":true,"href":"https:\/\/vcycletech.com\/es\/wp-json\/wp\/v2\/product_brand?post=1041"},{"taxonomy":"product_cat","embeddable":true,"href":"https:\/\/vcycletech.com\/es\/wp-json\/wp\/v2\/product_cat?post=1041"},{"taxonomy":"product_tag","embeddable":true,"href":"https:\/\/vcycletech.com\/es\/wp-json\/wp\/v2\/product_tag?post=1041"}],"curies":[{"name":"wp","href":"https:\/\/api.w.org\/{rel}","templated":true}]}}