{"id":1031,"date":"2023-03-20T13:24:24","date_gmt":"2023-03-20T13:24:24","guid":{"rendered":"https:\/\/vcycletech.com\/?post_type=product&#038;p=1031"},"modified":"2023-03-24T03:38:23","modified_gmt":"2023-03-24T03:38:23","slug":"sdic","status":"publish","type":"product","link":"https:\/\/vcycletech.com\/es\/producto\/sdic\/","title":{"rendered":"Dicloroisocianurato de sodio (SDIC)"},"content":{"rendered":"<h3 id=\"structural20formula_1\" class=\"xsj_heading_hash xsj_heading xsj_heading_h3\" data-source-line=\"0\" data-source-line-display=\"true\"><span class=\"xsj_heading_content\">F\u00f3rmula estructural:<\/span><\/h3>\n<p><img fetchpriority=\"high\" decoding=\"async\" class=\"alignnone size-full wp-image-1033\" src=\"https:\/\/vcycletech.com\/wp-content\/uploads\/2023\/03\/\u672a\u547d\u540d\u7684\u8bbe\u8ba1-10.png\" alt=\"F\u00f3rmula estructural:\" width=\"420\" height=\"420\" srcset=\"https:\/\/vcycletech.com\/wp-content\/uploads\/2023\/03\/\u672a\u547d\u540d\u7684\u8bbe\u8ba1-10.png 420w, https:\/\/vcycletech.com\/wp-content\/uploads\/2023\/03\/\u672a\u547d\u540d\u7684\u8bbe\u8ba1-10-100x100.png 100w, https:\/\/vcycletech.com\/wp-content\/uploads\/2023\/03\/\u672a\u547d\u540d\u7684\u8bbe\u8ba1-10-300x300.png 300w, https:\/\/vcycletech.com\/wp-content\/uploads\/2023\/03\/\u672a\u547d\u540d\u7684\u8bbe\u8ba1-10-150x150.png 150w\" sizes=\"(max-width: 420px) 100vw, 420px\" \/><\/p>\n<p class=\"xsj_paragraph xsj_paragraph_level_0\" data-source-line=\"2\" data-source-line-display=\"true\">N\u00ba CAS 2893-78-9<br \/>\nF\u00f3rmula: C3HCl2N3O3.Na<\/p>\n<h3>Propiedades:<\/h3>\n<p>1. Desinfecci\u00f3n: SDIC se destaca como un desinfectante excepcional con eficacia colectiva contra bacterias, hongos, virus y algas. El compuesto mata y evita que vuelva a crecer, proporcionando un entorno estable y desinfectado.<\/p>\n<p>2. Esterilizaci\u00f3n: Su potente poder esterilizante hace de SDIC un compuesto ideal para mantener ambientes limpios, particularmente donde es probable que se propaguen enfermedades infecciosas.<\/p>\n<p>3. Tratamiento de agua: como agente de tratamiento de agua, SDIC purifica eficazmente el agua en piscinas, recipientes y tanques.<\/p>\n<p>4. Cuidado del ganado: SDIC se usa ampliamente para la desinfecci\u00f3n de huevos y granjas av\u00edcolas, lo que promueve un crecimiento saludable y previene la propagaci\u00f3n de enfermedades infecciosas.<\/p>\n<p>5. Aplicaciones textiles: SDIC es eficaz para blanquear textiles y es adecuado para procesos de encogimiento de lana. Su incoloridad y estabilidad qu\u00edmica lo convierten en una herramienta \u00fatil en la fabricaci\u00f3n de textiles.<\/p>\n<h3>Especificaci\u00f3n<\/h3>\n<div id=\"footable_parent_1014\" class=\"footable_parent ninja_table_wrapper wp_table_data_press_parent semantic_ui\">\n<table style=\"height: 285px;\" width=\"1033\">\n<tbody>\n<tr>\n<td width=\"187\">Pureza: 56-60%<\/td>\n<td width=\"609\">Color: Blanco<\/td>\n<\/tr>\n<tr>\n<td width=\"187\">pH: 5,5 \u2013 7<\/td>\n<td width=\"609\">Apariencia: Polvo\/granular<\/td>\n<\/tr>\n<tr>\n<td width=\"187\">F\u00f3rmula: C3O3N3Cl2Na<\/td>\n<td width=\"609\">Grado Est\u00e1ndar: Industrial<\/td>\n<\/tr>\n<tr>\n<td width=\"187\">Punto de fusi\u00f3n: 250o C<\/td>\n<td width=\"609\">Humedad: Menos de 5%<\/td>\n<\/tr>\n<tr>\n<td width=\"187\">N\u00ba CAS: 2893-78-9<\/td>\n<td width=\"609\">N\u00ba EINECS: 220-767-7<\/td>\n<\/tr>\n<\/tbody>\n<\/table>\n<\/div>\n<h3 id=\"faqs_2\" class=\"xsj_heading_hash xsj_heading xsj_heading_h3\" data-source-line=\"7\" data-source-line-display=\"true\"><span class=\"xsj_heading_content\">preguntas frecuentes<\/span><\/h3>\n<div class=\"xiaoshujiang_element xsj_anchor\"><a class=\"blank_anchor_name\" name=\"120what20is20sodium20dichloroisocyanurate20sdic_3\"><\/a><a id=\"120what20is20sodium20dichloroisocyanurate20sdic_3\" class=\"blank_anchor_id\"><\/a><a class=\"blank_anchor_name\" name=\"1-what-is-sodium-dichloroisocyanurate-sdic\"><\/a><a id=\"1-what-is-sodium-dichloroisocyanurate-sdic\" class=\"blank_anchor_id\"><\/a><\/div>\n<h3 id=\"120what20is20sodium20dichloroisocyanurate20sdic_3\" class=\"xsj_heading_hash xsj_heading xsj_heading_h3\" data-source-line=\"9\" data-source-line-display=\"true\"><span class=\"xsj_heading_content\">1. \u00bfQu\u00e9 es el dicloroisocianurato de sodio (SDIC)?<\/span><\/h3>\n<p class=\"xsj_paragraph xsj_paragraph_level_0\" data-source-line=\"11\" data-source-line-display=\"true\">El dicloroisocianurato de sodio (SDIC) es un compuesto inorg\u00e1nico incoloro e inodoro com\u00fanmente utilizado como desinfectante, esterilizador y soluci\u00f3n de limpieza. Es un compuesto vers\u00e1til y potente utilizado en varios sectores, incluida la purificaci\u00f3n de piscinas, el cuidado del ganado y la producci\u00f3n textil.<\/p>\n<div class=\"xiaoshujiang_element xsj_anchor\"><a class=\"blank_anchor_name\" name=\"220how20is20sdic20used20to20purify20swimming20pools_4\"><\/a><a id=\"220how20is20sdic20used20to20purify20swimming20pools_4\" class=\"blank_anchor_id\"><\/a><a class=\"blank_anchor_name\" name=\"2-how-is-sdic-used-to-purify-swimming-pools\"><\/a><a id=\"2-how-is-sdic-used-to-purify-swimming-pools\" class=\"blank_anchor_id\"><\/a><\/div>\n<h3 id=\"220how20is20sdic20used20to20purify20swimming20pools_4\" class=\"xsj_heading_hash xsj_heading xsj_heading_h3\" data-source-line=\"13\" data-source-line-display=\"true\"><span class=\"xsj_heading_content\">2. \u00bfC\u00f3mo se usa SDIC para purificar piscinas?<\/span><\/h3>\n<p class=\"xsj_paragraph xsj_paragraph_level_0\" data-source-line=\"15\" data-source-line-display=\"true\">SDIC elimina eficazmente bacterias, hongos, algas y virus y mantiene la higiene del agua de la piscina. Lo logra liberando cloro libre cuando se agrega al agua, que luego act\u00faa sobre una amplia gama de organismos nocivos, lo que garantiza un entorno de ba\u00f1o seguro y limpio.<\/p>\n<div class=\"xiaoshujiang_element xsj_anchor\"><a class=\"blank_anchor_name\" name=\"320is20sdic20safe20for20human20use_5\"><\/a><a id=\"320is20sdic20safe20for20human20use_5\" class=\"blank_anchor_id\"><\/a><a class=\"blank_anchor_name\" name=\"3-is-sdic-safe-for-human-use\"><\/a><a id=\"3-is-sdic-safe-for-human-use\" class=\"blank_anchor_id\"><\/a><\/div>\n<h3 id=\"320is20sdic20safe20for20human20use_5\" class=\"xsj_heading_hash xsj_heading xsj_heading_h3\" data-source-line=\"17\" data-source-line-display=\"true\"><span class=\"xsj_heading_content\">3. \u00bfSDIC es seguro para uso humano?<\/span><\/h3>\n<p class=\"xsj_paragraph xsj_paragraph_level_0\" data-source-line=\"19\" data-source-line-display=\"true\">SDIC se usa ampliamente en varias industrias y se considera seguro cuando se usa correctamente. Sin embargo, seguir las pautas del fabricante para la diluci\u00f3n adecuada, la aplicaci\u00f3n y las precauciones de manejo son esenciales para evitar la irritaci\u00f3n, la corrosi\u00f3n u otros efectos adversos.<\/p>\n<div class=\"xiaoshujiang_element xsj_anchor\"><a class=\"blank_anchor_name\" name=\"420how20is20sdic20used20in20the20textile20industry_6\"><\/a><a id=\"420how20is20sdic20used20in20the20textile20industry_6\" class=\"blank_anchor_id\"><\/a><a class=\"blank_anchor_name\" name=\"4-how-is-sdic-used-in-the-textile-industry\"><\/a><a id=\"4-how-is-sdic-used-in-the-textile-industry\" class=\"blank_anchor_id\"><\/a><\/div>\n<h3 id=\"420how20is20sdic20used20in20the20textile20industry_6\" class=\"xsj_heading_hash xsj_heading xsj_heading_h3\" data-source-line=\"21\" data-source-line-display=\"true\"><span class=\"xsj_heading_content\">4. \u00bfC\u00f3mo se utiliza SDIC en la industria textil?<\/span><\/h3>\n<p class=\"xsj_paragraph xsj_paragraph_level_0\" data-source-line=\"23\" data-source-line-display=\"true\">SDIC cumple m\u00faltiples prop\u00f3sitos en la industria textil, incluido el blanqueo de textiles y ayuda en los procesos de contracci\u00f3n de la lana. Su naturaleza incolora y su estabilidad qu\u00edmica lo convierten en un compuesto valioso en la fabricaci\u00f3n de textiles.<\/p>\n<div class=\"xiaoshujiang_element xsj_anchor\"><a class=\"blank_anchor_name\" name=\"520can20sdic20be20used20for20home20cleaning20purposes_7\"><\/a><a id=\"520can20sdic20be20used20for20home20cleaning20purposes_7\" class=\"blank_anchor_id\"><\/a><a class=\"blank_anchor_name\" name=\"5-can-sdic-be-used-for-home-cleaning-purposes\"><\/a><a id=\"5-can-sdic-be-used-for-home-cleaning-purposes\" class=\"blank_anchor_id\"><\/a><\/div>\n<h3 id=\"520can20sdic20be20used20for20home20cleaning20purposes_7\" class=\"xsj_heading_hash xsj_heading xsj_heading_h3\" data-source-line=\"25\" data-source-line-display=\"true\"><span class=\"xsj_heading_content\">5. \u00bfSe puede utilizar SDIC para la limpieza del hogar?<\/span><\/h3>\n<p class=\"xsj_paragraph xsj_paragraph_level_0\" data-source-line=\"27\" data-source-line-display=\"true\">S\u00ed, SDIC se puede usar en formas diluidas para diversas tareas de limpieza del hogar, como desinfectar superficies o eliminar moho y hongos. Sin embargo, es crucial seguir las pautas espec\u00edficas que proporciona el fabricante para obtener resultados seguros y efectivos.<\/p>\n<p class=\"xsj_paragraph xsj_paragraph_level_0\" data-source-line=\"31\" data-source-line-display=\"true\"><a class=\"xsj_link xsj_manu_link\" href=\"https:\/\/vcycletech.com\/es\/biocida-y-algicida\/\">Obtenga la soluci\u00f3n completa de biocidas y alguicidas<\/a>.<\/p>\n<p>&nbsp;<\/p>","protected":false},"excerpt":{"rendered":"<p>dicloroisocianurato de sodio (<strong>SDIC<\/strong>) es un compuesto inorg\u00e1nico que tiene amplias aplicaciones en una variedad de industrias. Se utiliza para la esterilizaci\u00f3n, desinfecci\u00f3n y limpieza, lo que la convierte en una herramienta valiosa para cualquiera que desee mantener su lugar de trabajo o su hogar limpios y saludables. SDIC tambi\u00e9n es eficaz para combatir enfermedades infecciosas y ayudar con los procesos de encogimiento de la lana. \u00a1Con tantos beneficios, no es de extra\u00f1ar que el dicloroisocianurato de sodio (SDIC) tenga una gran demanda! vcycletech ofrece la mejor calidad de dicloroisocianurato de sodio (SDIC) en el mercado actual. \u00a1Haz tu pedido ahora para experimentar los beneficios por ti mismo!<\/p>","protected":false},"featured_media":1034,"template":"","meta":{"site-sidebar-layout":"default","site-content-layout":"default","ast-site-content-layout":"default","site-content-style":"default","site-sidebar-style":"default","ast-global-header-display":"","ast-banner-title-visibility":"","ast-main-header-display":"","ast-hfb-above-header-display":"","ast-hfb-below-header-display":"","ast-hfb-mobile-header-display":"","site-post-title":"","ast-breadcrumbs-content":"","ast-featured-img":"","footer-sml-layout":"","ast-disable-related-posts":"","theme-transparent-header-meta":"default","adv-header-id-meta":"","stick-header-meta":"default","header-above-stick-meta":"","header-main-stick-meta":"","header-below-stick-meta":"","astra-migrate-meta-layouts":"default","ast-page-background-enabled":"default","ast-page-background-meta":{"desktop":{"background-color":"","background-image":"","background-repeat":"repeat","background-position":"center center","background-size":"auto","background-attachment":"scroll","background-type":"","background-media":"","overlay-type":"","overlay-color":"","overlay-opacity":"","overlay-gradient":""},"tablet":{"background-color":"","background-image":"","background-repeat":"repeat","background-position":"center center","background-size":"auto","background-attachment":"scroll","background-type":"","background-media":"","overlay-type":"","overlay-color":"","overlay-opacity":"","overlay-gradient":""},"mobile":{"background-color":"","background-image":"","background-repeat":"repeat","background-position":"center center","background-size":"auto","background-attachment":"scroll","background-type":"","background-media":"","overlay-type":"","overlay-color":"","overlay-opacity":"","overlay-gradient":""}},"ast-content-background-meta":{"desktop":{"background-color":"var(--ast-global-color-5)","background-image":"","background-repeat":"repeat","background-position":"center center","background-size":"auto","background-attachment":"scroll","background-type":"","background-media":"","overlay-type":"","overlay-color":"","overlay-opacity":"","overlay-gradient":""},"tablet":{"background-color":"var(--ast-global-color-5)","background-image":"","background-repeat":"repeat","background-position":"center center","background-size":"auto","background-attachment":"scroll","background-type":"","background-media":"","overlay-type":"","overlay-color":"","overlay-opacity":"","overlay-gradient":""},"mobile":{"background-color":"var(--ast-global-color-5)","background-image":"","background-repeat":"repeat","background-position":"center center","background-size":"auto","background-attachment":"scroll","background-type":"","background-media":"","overlay-type":"","overlay-color":"","overlay-opacity":"","overlay-gradient":""}}},"product_brand":[],"product_cat":[29],"product_tag":[],"class_list":{"0":"post-1031","1":"product","2":"type-product","3":"status-publish","4":"has-post-thumbnail","6":"product_cat-biocide-and-algicide","7":"desktop-align-left","8":"tablet-align-left","9":"mobile-align-left","10":"ast-product-gallery-layout-horizontal-slider","11":"ast-product-gallery-with-no-image","12":"ast-product-tabs-layout-horizontal","14":"first","15":"instock","16":"shipping-taxable","17":"product-type-simple"},"yoast_head":"<!-- This site is optimized with the Yoast SEO Premium plugin v26.3 (Yoast SEO v27.3) - https:\/\/yoast.com\/product\/yoast-seo-premium-wordpress\/ -->\n<title>Sodium Dichloroisocyanurate (SDIC) - vcycletech<\/title>\n<meta name=\"description\" content=\"Need effective sterilization, disinfection and cleaning? Look no further than Sodium Dichloroisocyanurate (SDIC)! This colourless solid provides a plethora of uses from fighting infectious diseases to bleaching textiles.\" \/>\n<meta name=\"robots\" content=\"index, follow, max-snippet:-1, max-image-preview:large, max-video-preview:-1\" \/>\n<link rel=\"canonical\" href=\"https:\/\/vcycletech.com\/es\/producto\/sdic\/\" \/>\n<meta property=\"og:locale\" content=\"es_MX\" \/>\n<meta property=\"og:type\" content=\"article\" \/>\n<meta property=\"og:title\" content=\"Sodium Dichloroisocyanurate (SDIC)\" \/>\n<meta property=\"og:description\" content=\"Need effective sterilization, disinfection and cleaning? Look no further than Sodium Dichloroisocyanurate (SDIC)! This colourless solid provides a plethora of uses from fighting infectious diseases to bleaching textiles.\" \/>\n<meta property=\"og:url\" content=\"https:\/\/vcycletech.com\/es\/producto\/sdic\/\" \/>\n<meta property=\"og:site_name\" content=\"vcycletech\" \/>\n<meta property=\"article:modified_time\" content=\"2023-03-24T03:38:23+00:00\" \/>\n<meta property=\"og:image\" content=\"https:\/\/vcycletech.com\/wp-content\/uploads\/2023\/03\/eau-de-parfum-1-e1679629095146.png\" \/>\n\t<meta property=\"og:image:width\" content=\"600\" \/>\n\t<meta property=\"og:image:height\" content=\"600\" \/>\n\t<meta property=\"og:image:type\" content=\"image\/png\" \/>\n<meta name=\"twitter:card\" content=\"summary_large_image\" \/>\n<meta name=\"twitter:label1\" content=\"Tiempo de lectura\" \/>\n\t<meta name=\"twitter:data1\" content=\"2 minutos\" \/>\n<script type=\"application\/ld+json\" class=\"yoast-schema-graph\">{\"@context\":\"https:\\\/\\\/schema.org\",\"@graph\":[{\"@type\":\"WebPage\",\"@id\":\"https:\\\/\\\/vcycletech.com\\\/product\\\/sdic\\\/\",\"url\":\"https:\\\/\\\/vcycletech.com\\\/product\\\/sdic\\\/\",\"name\":\"Sodium Dichloroisocyanurate (SDIC) - vcycletech\",\"isPartOf\":{\"@id\":\"https:\\\/\\\/vcycletech.com\\\/#website\"},\"primaryImageOfPage\":{\"@id\":\"https:\\\/\\\/vcycletech.com\\\/product\\\/sdic\\\/#primaryimage\"},\"image\":{\"@id\":\"https:\\\/\\\/vcycletech.com\\\/product\\\/sdic\\\/#primaryimage\"},\"thumbnailUrl\":\"https:\\\/\\\/vcycletech.com\\\/wp-content\\\/uploads\\\/2023\\\/03\\\/eau-de-parfum-1-e1679629095146.png\",\"datePublished\":\"2023-03-20T13:24:24+00:00\",\"dateModified\":\"2023-03-24T03:38:23+00:00\",\"description\":\"Need effective sterilization, disinfection and cleaning? Look no further than Sodium Dichloroisocyanurate (SDIC)! This colourless solid provides a plethora of uses from fighting infectious diseases to bleaching textiles.\",\"breadcrumb\":{\"@id\":\"https:\\\/\\\/vcycletech.com\\\/product\\\/sdic\\\/#breadcrumb\"},\"inLanguage\":\"es\",\"potentialAction\":[{\"@type\":\"ReadAction\",\"target\":[\"https:\\\/\\\/vcycletech.com\\\/product\\\/sdic\\\/\"]}]},{\"@type\":\"ImageObject\",\"inLanguage\":\"es\",\"@id\":\"https:\\\/\\\/vcycletech.com\\\/product\\\/sdic\\\/#primaryimage\",\"url\":\"https:\\\/\\\/vcycletech.com\\\/wp-content\\\/uploads\\\/2023\\\/03\\\/eau-de-parfum-1-e1679629095146.png\",\"contentUrl\":\"https:\\\/\\\/vcycletech.com\\\/wp-content\\\/uploads\\\/2023\\\/03\\\/eau-de-parfum-1-e1679629095146.png\",\"width\":600,\"height\":600,\"caption\":\"Sodium Dichloroisocyanurate (SDIC)\"},{\"@type\":\"BreadcrumbList\",\"@id\":\"https:\\\/\\\/vcycletech.com\\\/product\\\/sdic\\\/#breadcrumb\",\"itemListElement\":[{\"@type\":\"ListItem\",\"position\":1,\"name\":\"Home\",\"item\":\"https:\\\/\\\/vcycletech.com\\\/\"},{\"@type\":\"ListItem\",\"position\":2,\"name\":\"Water Treatment Chemicals Manufacturer\",\"item\":\"https:\\\/\\\/vcycletech.com\\\/water-treatment-chemicals-manufacturer\\\/\"},{\"@type\":\"ListItem\",\"position\":3,\"name\":\"Sodium Dichloroisocyanurate (SDIC)\"}]},{\"@type\":\"WebSite\",\"@id\":\"https:\\\/\\\/vcycletech.com\\\/#website\",\"url\":\"https:\\\/\\\/vcycletech.com\\\/\",\"name\":\"vcycletech\",\"description\":\"China&#039;s top water treatment chemicals supplier\",\"publisher\":{\"@id\":\"https:\\\/\\\/vcycletech.com\\\/#organization\"},\"potentialAction\":[{\"@type\":\"SearchAction\",\"target\":{\"@type\":\"EntryPoint\",\"urlTemplate\":\"https:\\\/\\\/vcycletech.com\\\/?s={search_term_string}\"},\"query-input\":{\"@type\":\"PropertyValueSpecification\",\"valueRequired\":true,\"valueName\":\"search_term_string\"}}],\"inLanguage\":\"es\"},{\"@type\":\"Organization\",\"@id\":\"https:\\\/\\\/vcycletech.com\\\/#organization\",\"name\":\"vcycletech\",\"url\":\"https:\\\/\\\/vcycletech.com\\\/\",\"logo\":{\"@type\":\"ImageObject\",\"inLanguage\":\"es\",\"@id\":\"https:\\\/\\\/vcycletech.com\\\/#\\\/schema\\\/logo\\\/image\\\/\",\"url\":\"https:\\\/\\\/vcycletech.com\\\/wp-content\\\/uploads\\\/2023\\\/03\\\/logo-vcycletech-1.png\",\"contentUrl\":\"https:\\\/\\\/vcycletech.com\\\/wp-content\\\/uploads\\\/2023\\\/03\\\/logo-vcycletech-1.png\",\"width\":600,\"height\":400,\"caption\":\"vcycletech\"},\"image\":{\"@id\":\"https:\\\/\\\/vcycletech.com\\\/#\\\/schema\\\/logo\\\/image\\\/\"}}]}<\/script>\n<!-- \/ Yoast SEO Premium plugin. -->","yoast_head_json":{"title":"Dicloroisocianurato de sodio (SDIC) - vcycletech","description":"\u00bfNecesita esterilizaci\u00f3n, desinfecci\u00f3n y limpieza efectivas? \u00a1No busque m\u00e1s all\u00e1 del dicloroisocianurato de sodio (SDIC)! Este s\u00f3lido incoloro proporciona una gran cantidad de usos, desde combatir enfermedades infecciosas hasta blanquear textiles.","robots":{"index":"index","follow":"follow","max-snippet":"max-snippet:-1","max-image-preview":"max-image-preview:large","max-video-preview":"max-video-preview:-1"},"canonical":"https:\/\/vcycletech.com\/es\/producto\/sdic\/","og_locale":"es_MX","og_type":"article","og_title":"Sodium Dichloroisocyanurate (SDIC)","og_description":"Need effective sterilization, disinfection and cleaning? Look no further than Sodium Dichloroisocyanurate (SDIC)! This colourless solid provides a plethora of uses from fighting infectious diseases to bleaching textiles.","og_url":"https:\/\/vcycletech.com\/es\/producto\/sdic\/","og_site_name":"vcycletech","article_modified_time":"2023-03-24T03:38:23+00:00","og_image":[{"width":600,"height":600,"url":"https:\/\/vcycletech.com\/wp-content\/uploads\/2023\/03\/eau-de-parfum-1-e1679629095146.png","type":"image\/png"}],"twitter_card":"summary_large_image","twitter_misc":{"Tiempo de lectura":"2 minutos"},"schema":{"@context":"https:\/\/schema.org","@graph":[{"@type":"WebPage","@id":"https:\/\/vcycletech.com\/product\/sdic\/","url":"https:\/\/vcycletech.com\/product\/sdic\/","name":"Dicloroisocianurato de sodio (SDIC) - vcycletech","isPartOf":{"@id":"https:\/\/vcycletech.com\/#website"},"primaryImageOfPage":{"@id":"https:\/\/vcycletech.com\/product\/sdic\/#primaryimage"},"image":{"@id":"https:\/\/vcycletech.com\/product\/sdic\/#primaryimage"},"thumbnailUrl":"https:\/\/vcycletech.com\/wp-content\/uploads\/2023\/03\/eau-de-parfum-1-e1679629095146.png","datePublished":"2023-03-20T13:24:24+00:00","dateModified":"2023-03-24T03:38:23+00:00","description":"\u00bfNecesita esterilizaci\u00f3n, desinfecci\u00f3n y limpieza efectivas? \u00a1No busque m\u00e1s all\u00e1 del dicloroisocianurato de sodio (SDIC)! Este s\u00f3lido incoloro proporciona una gran cantidad de usos, desde combatir enfermedades infecciosas hasta blanquear textiles.","breadcrumb":{"@id":"https:\/\/vcycletech.com\/product\/sdic\/#breadcrumb"},"inLanguage":"es","potentialAction":[{"@type":"ReadAction","target":["https:\/\/vcycletech.com\/product\/sdic\/"]}]},{"@type":"ImageObject","inLanguage":"es","@id":"https:\/\/vcycletech.com\/product\/sdic\/#primaryimage","url":"https:\/\/vcycletech.com\/wp-content\/uploads\/2023\/03\/eau-de-parfum-1-e1679629095146.png","contentUrl":"https:\/\/vcycletech.com\/wp-content\/uploads\/2023\/03\/eau-de-parfum-1-e1679629095146.png","width":600,"height":600,"caption":"Sodium Dichloroisocyanurate (SDIC)"},{"@type":"BreadcrumbList","@id":"https:\/\/vcycletech.com\/product\/sdic\/#breadcrumb","itemListElement":[{"@type":"ListItem","position":1,"name":"Home","item":"https:\/\/vcycletech.com\/"},{"@type":"ListItem","position":2,"name":"Water Treatment Chemicals Manufacturer","item":"https:\/\/vcycletech.com\/water-treatment-chemicals-manufacturer\/"},{"@type":"ListItem","position":3,"name":"Sodium Dichloroisocyanurate (SDIC)"}]},{"@type":"WebSite","@id":"https:\/\/vcycletech.com\/#website","url":"https:\/\/vcycletech.com\/","name":"vcycletech","description":"El principal proveedor de productos qu\u00edmicos para el tratamiento del agua de China y #039;","publisher":{"@id":"https:\/\/vcycletech.com\/#organization"},"potentialAction":[{"@type":"SearchAction","target":{"@type":"EntryPoint","urlTemplate":"https:\/\/vcycletech.com\/?s={search_term_string}"},"query-input":{"@type":"PropertyValueSpecification","valueRequired":true,"valueName":"search_term_string"}}],"inLanguage":"es"},{"@type":"Organization","@id":"https:\/\/vcycletech.com\/#organization","name":"vcycletech","url":"https:\/\/vcycletech.com\/","logo":{"@type":"ImageObject","inLanguage":"es","@id":"https:\/\/vcycletech.com\/#\/schema\/logo\/image\/","url":"https:\/\/vcycletech.com\/wp-content\/uploads\/2023\/03\/logo-vcycletech-1.png","contentUrl":"https:\/\/vcycletech.com\/wp-content\/uploads\/2023\/03\/logo-vcycletech-1.png","width":600,"height":400,"caption":"vcycletech"},"image":{"@id":"https:\/\/vcycletech.com\/#\/schema\/logo\/image\/"}}]}},"_links":{"self":[{"href":"https:\/\/vcycletech.com\/es\/wp-json\/wp\/v2\/product\/1031","targetHints":{"allow":["GET"]}}],"collection":[{"href":"https:\/\/vcycletech.com\/es\/wp-json\/wp\/v2\/product"}],"about":[{"href":"https:\/\/vcycletech.com\/es\/wp-json\/wp\/v2\/types\/product"}],"wp:featuredmedia":[{"embeddable":true,"href":"https:\/\/vcycletech.com\/es\/wp-json\/wp\/v2\/media\/1034"}],"wp:attachment":[{"href":"https:\/\/vcycletech.com\/es\/wp-json\/wp\/v2\/media?parent=1031"}],"wp:term":[{"taxonomy":"product_brand","embeddable":true,"href":"https:\/\/vcycletech.com\/es\/wp-json\/wp\/v2\/product_brand?post=1031"},{"taxonomy":"product_cat","embeddable":true,"href":"https:\/\/vcycletech.com\/es\/wp-json\/wp\/v2\/product_cat?post=1031"},{"taxonomy":"product_tag","embeddable":true,"href":"https:\/\/vcycletech.com\/es\/wp-json\/wp\/v2\/product_tag?post=1031"}],"curies":[{"name":"wp","href":"https:\/\/api.w.org\/{rel}","templated":true}]}}