{"id":1000,"date":"2023-03-20T08:59:34","date_gmt":"2023-03-20T08:59:34","guid":{"rendered":"https:\/\/vcycletech.com\/?post_type=product&#038;p=1000"},"modified":"2023-03-27T06:31:16","modified_gmt":"2023-03-27T06:31:16","slug":"homopolimero-de-acido-acrilico","status":"publish","type":"product","link":"https:\/\/vcycletech.com\/es\/producto\/homopolimero-de-acido-acrilico\/","title":{"rendered":"Homopol\u00edmero de \u00e1cido acr\u00edlico | WT-445"},"content":{"rendered":"<h3>F\u00f3rmula estructural:<\/h3>\n<p><img fetchpriority=\"high\" decoding=\"async\" class=\"alignnone size-full wp-image-1002\" src=\"https:\/\/vcycletech.com\/wp-content\/uploads\/2023\/03\/Structural-Formula-4.png\" alt=\"Homopol\u00edmero de \u00e1cido acr\u00edlico | F\u00f3rmula estructural WT-445\" width=\"1291\" height=\"460\" srcset=\"https:\/\/vcycletech.com\/wp-content\/uploads\/2023\/03\/Structural-Formula-4.png 1291w, https:\/\/vcycletech.com\/wp-content\/uploads\/2023\/03\/Structural-Formula-4-600x214.png 600w, https:\/\/vcycletech.com\/wp-content\/uploads\/2023\/03\/Structural-Formula-4-300x107.png 300w, https:\/\/vcycletech.com\/wp-content\/uploads\/2023\/03\/Structural-Formula-4-1024x365.png 1024w, https:\/\/vcycletech.com\/wp-content\/uploads\/2023\/03\/Structural-Formula-4-768x274.png 768w\" sizes=\"(max-width: 1291px) 100vw, 1291px\" \/><\/p>\n<h3>Propiedades:<\/h3>\n<p><strong>Homopol\u00edmero de \u00e1cido acr\u00edlico | WT-445<\/strong>\u00a0 es un homopol\u00edmero cuyas sales est\u00e1n hechas de \u00e1cido poliacr\u00edlico de bajo peso molecular. No contiene fosfato, lo que lo convierte en la opci\u00f3n ideal para aplicaciones con poco o ning\u00fan contenido de fosfato.<\/p>\n<p><strong>Homopol\u00edmero de \u00e1cido acr\u00edlico | WT-445<\/strong>\u00a0 es altamente eficaz como inhibidor de incrustaciones en el procesamiento de az\u00facar debido a su capacidad para dispersar carbonato de calcio y sulfato de calcio cuando se agrega al agua. Es un dispersante com\u00fan y se puede usar para m\u00faltiples prop\u00f3sitos, incluida la inhibici\u00f3n de incrustaciones en sistemas de circulaci\u00f3n de agua fr\u00eda, fabricaci\u00f3n de papel, tejido, te\u00f1ido, cer\u00e1mica y pigmentos.<\/p>\n<h3>Homopol\u00edmero de \u00e1cido acr\u00edlico Especificaci\u00f3n:<\/h3>\n<div id=\"footable_parent_1003\"\n         class=\"footable_parent ninja_table_wrapper loading_ninja_table wp_table_data_press_parent semantic_ui\">\n                <table data-ninja_table_instance=\"ninja_table_instance_0\" data-footable_id=\"1003\" data-filter-delay=\"1000\" aria-label=\"Homopol\u00edmero de \u00e1cido acr\u00edlico.csv\"            id=\"footable_1003\"\n           data-unique_identifier=\"ninja_table_unique_id_2372758129_1003\"\n           class=\"foo-table ninja_footable foo_table_1003 ninja_table_unique_id_2372758129_1003 ui table  nt_type_legacy_table selectable striped vertical_centered  footable-paging-right ninja_table_pro\">\n                <colgroup>\n                            <col class=\"ninja_column_0\">\n                            <col class=\"ninja_column_1\">\n                    <\/colgroup>\n        <thead>\n<tr class=\"footable-header\">\n                                        <th scope=\"col\"  class=\"ninja_column_0 ninja_clmn_nm_items\">Art\u00edculos<\/th><th scope=\"col\"  class=\"ninja_column_1 ninja_clmn_nm_index\">\u00cdndice<\/th><\/tr>\n<\/thead>\n<tbody>\n\n        <tr data-row_id=\"182\" class=\"ninja_table_row_0 nt_row_id_182\">\n            <td>Apariencia<\/td><td>L\u00edquido transparente incoloro a amarillo claro<\/td>        <\/tr>\n            <tr data-row_id=\"183\" class=\"ninja_table_row_1 nt_row_id_183\">\n            <td>Contenido s\u00f3lido %<\/td><td>47.0-49.0<\/td>        <\/tr>\n            <tr data-row_id=\"184\" class=\"ninja_table_row_2 nt_row_id_184\">\n            <td>Densidad (20\u2103) g\/cm3<\/td><td>1,20 minutos<\/td>        <\/tr>\n            <tr data-row_id=\"185\" class=\"ninja_table_row_3 nt_row_id_185\">\n            <td>pH (como \u00e9l)<\/td><td>3.0-4.5<\/td>        <\/tr>\n            <tr data-row_id=\"186\" class=\"ninja_table_row_4 nt_row_id_186\">\n            <td>Viscosidad (25\u2103) cps<\/td><td>300-1000<\/td>        <\/tr>\n    <\/tbody><!--ninja_tobody_rendering_done-->\n    <\/table>\n    \n    \n    \n<\/div>\n\n<h3>Preguntas frecuentes:<\/h3>\n<p><img decoding=\"async\" class=\"alignnone size-full wp-image-1005\" src=\"https:\/\/vcycletech.com\/wp-content\/uploads\/2023\/03\/1-20.png\" alt=\"Homopol\u00edmero de \u00e1cido acr\u00edlico | WT-445\" width=\"600\" height=\"600\" srcset=\"https:\/\/vcycletech.com\/wp-content\/uploads\/2023\/03\/1-20.png 600w, https:\/\/vcycletech.com\/wp-content\/uploads\/2023\/03\/1-20-100x100.png 100w, https:\/\/vcycletech.com\/wp-content\/uploads\/2023\/03\/1-20-300x300.png 300w, https:\/\/vcycletech.com\/wp-content\/uploads\/2023\/03\/1-20-150x150.png 150w\" sizes=\"(max-width: 600px) 100vw, 600px\" \/><\/p>\n<p><strong>P1: \u00bfQu\u00e9 es el homopol\u00edmero de \u00e1cido acr\u00edlico?<\/strong><\/p>\n<p>El homopol\u00edmero de \u00e1cido acr\u00edlico es una resina sint\u00e9tica hecha del mon\u00f3mero \u00e1cido acr\u00edlico. Es un s\u00f3lido blanco quebradizo soluble en agua y solventes org\u00e1nicos polares. El homopol\u00edmero de \u00e1cido acr\u00edlico tiene muchas aplicaciones, incluidos adhesivos, recubrimientos, tintas y selladores.<\/p>\n<p><strong>P2: \u00bfCu\u00e1les son las propiedades del homopol\u00edmero de \u00e1cido acr\u00edlico?<\/strong><\/p>\n<p>Las propiedades del homopol\u00edmero de \u00e1cido acr\u00edlico dependen de su peso molecular y grado de reticulaci\u00f3n. Los pesos moleculares m\u00e1s altos y los grados de entrecruzamiento dan como resultado materiales con puntos de fusi\u00f3n m\u00e1s altos, mayor dureza y mejor resistencia a los productos qu\u00edmicos y al calor.<\/p>\n<p><strong>P3: \u00bfC\u00f3mo se fabrica el homopol\u00edmero de \u00e1cido acr\u00edlico?<\/strong><\/p>\n<p>El homopol\u00edmero de \u00e1cido acr\u00edlico se fabrica mediante la polimerizaci\u00f3n del \u00e1cido acr\u00edlico. Este proceso se puede realizar utilizando varios m\u00e9todos, incluida la polimerizaci\u00f3n en soluci\u00f3n, la polimerizaci\u00f3n en suspensi\u00f3n y la polimerizaci\u00f3n en emulsi\u00f3n.<\/p>\n<p><strong>P4: \u00bfCu\u00e1les son las aplicaciones del homopol\u00edmero de \u00e1cido acr\u00edlico?<\/strong><\/p>\n<p>El homopol\u00edmero de \u00e1cido acr\u00edlico tiene muchas aplicaciones, incluidos adhesivos, recubrimientos, tintas y selladores. Tambi\u00e9n se utiliza como aglutinante en telas no tejidas y como aditivo en lubricantes y aceites combustibles.<\/p>\n<p><strong>P5: \u00bfCu\u00e1les son los beneficios de usar homopol\u00edmero de \u00e1cido acr\u00edlico?<\/strong><\/p>\n<p>El homopol\u00edmero de \u00e1cido acr\u00edlico proporciona una buena adhesi\u00f3n a muchos sustratos, incluidos metales, vidrio y pl\u00e1sticos. Tambi\u00e9n tiene buena resistencia a los productos qu\u00edmicos y la intemperie. Adem\u00e1s, el homopol\u00edmero de \u00e1cido acr\u00edlico se puede formular para cumplir con varios requisitos de rendimiento.<\/p>\n<p><strong>P6: \u00bfCu\u00e1les son los inconvenientes de usar homopol\u00edmero de \u00e1cido acr\u00edlico?<\/strong><\/p>\n<p>El homopol\u00edmero de \u00e1cido acr\u00edlico puede volverse amarillo cuando se expone a la luz o al calor. Tambi\u00e9n tiene un punto de fusi\u00f3n relativamente alto, lo que dificulta su procesamiento. Adem\u00e1s, el homopol\u00edmero de \u00e1cido acr\u00edlico no es compatible con todo tipo de sustratos.<\/p>\n<p><strong>P7: \u00bfC\u00f3mo se debe almacenar el homopol\u00edmero de \u00e1cido acr\u00edlico?<\/strong><\/p>\n<p>El homopol\u00edmero de \u00e1cido acr\u00edlico debe almacenarse en un lugar fresco y seco, protegido de la luz solar directa. Tambi\u00e9n debe mantenerse alejado de fuentes de calor o ignici\u00f3n. Una vez abiertos, los envases deben volver a cerrarse herm\u00e9ticamente para evitar que entre humedad.<\/p>\n<p><a href=\"https:\/\/vcycletech.com\/es\/categoria-de-producto\/policarboxilico-antiincrustante-y-dispersante\/\">Obtenga la soluci\u00f3n dispersante y antiincrustante policarbox\u00edlico completo<\/a><\/p>","protected":false},"excerpt":{"rendered":"<p><strong>Homopol\u00edmero de \u00e1cido acr\u00edlico WT-445<\/strong> es un homopol\u00edmero de \u00e1cido poliacr\u00edlico de bajo peso molecular y sus sales. Dispersa de manera efectiva detergentes para lavavajillas, lavado de telas y detergentes industriales. Tambi\u00e9n se puede utilizar para preparar cuero, algunos agentes de acabado de productos de alta calidad, as\u00ed como la preparaci\u00f3n de resina acr\u00edlica. WT-445 tiene un peso molecular optimizado, lo que lo hace ideal para usar en varios productos. Adem\u00e1s, se ha encontrado que tiene un bajo riesgo de c\u00e1ncer, seg\u00fan EWG Skin Deep.<\/p>","protected":false},"featured_media":1004,"template":"","meta":{"site-sidebar-layout":"default","site-content-layout":"default","ast-site-content-layout":"default","site-content-style":"default","site-sidebar-style":"default","ast-global-header-display":"","ast-banner-title-visibility":"","ast-main-header-display":"","ast-hfb-above-header-display":"","ast-hfb-below-header-display":"","ast-hfb-mobile-header-display":"","site-post-title":"","ast-breadcrumbs-content":"","ast-featured-img":"","footer-sml-layout":"","ast-disable-related-posts":"","theme-transparent-header-meta":"default","adv-header-id-meta":"","stick-header-meta":"default","header-above-stick-meta":"","header-main-stick-meta":"","header-below-stick-meta":"","astra-migrate-meta-layouts":"default","ast-page-background-enabled":"default","ast-page-background-meta":{"desktop":{"background-color":"","background-image":"","background-repeat":"repeat","background-position":"center center","background-size":"auto","background-attachment":"scroll","background-type":"","background-media":"","overlay-type":"","overlay-color":"","overlay-opacity":"","overlay-gradient":""},"tablet":{"background-color":"","background-image":"","background-repeat":"repeat","background-position":"center center","background-size":"auto","background-attachment":"scroll","background-type":"","background-media":"","overlay-type":"","overlay-color":"","overlay-opacity":"","overlay-gradient":""},"mobile":{"background-color":"","background-image":"","background-repeat":"repeat","background-position":"center center","background-size":"auto","background-attachment":"scroll","background-type":"","background-media":"","overlay-type":"","overlay-color":"","overlay-opacity":"","overlay-gradient":""}},"ast-content-background-meta":{"desktop":{"background-color":"var(--ast-global-color-5)","background-image":"","background-repeat":"repeat","background-position":"center center","background-size":"auto","background-attachment":"scroll","background-type":"","background-media":"","overlay-type":"","overlay-color":"","overlay-opacity":"","overlay-gradient":""},"tablet":{"background-color":"var(--ast-global-color-5)","background-image":"","background-repeat":"repeat","background-position":"center center","background-size":"auto","background-attachment":"scroll","background-type":"","background-media":"","overlay-type":"","overlay-color":"","overlay-opacity":"","overlay-gradient":""},"mobile":{"background-color":"var(--ast-global-color-5)","background-image":"","background-repeat":"repeat","background-position":"center center","background-size":"auto","background-attachment":"scroll","background-type":"","background-media":"","overlay-type":"","overlay-color":"","overlay-opacity":"","overlay-gradient":""}}},"product_brand":[],"product_cat":[28],"product_tag":[],"class_list":{"0":"post-1000","1":"product","2":"type-product","3":"status-publish","4":"has-post-thumbnail","6":"product_cat-polycarboxylic-antiscalant-and-dispersant","7":"desktop-align-left","8":"tablet-align-left","9":"mobile-align-left","10":"ast-product-gallery-layout-horizontal-slider","11":"ast-product-gallery-with-no-image","12":"ast-product-tabs-layout-horizontal","14":"first","15":"instock","16":"shipping-taxable","17":"product-type-simple"},"yoast_head":"<!-- This site is optimized with the Yoast SEO Premium plugin v26.3 (Yoast SEO v27.3) - https:\/\/yoast.com\/product\/yoast-seo-premium-wordpress\/ -->\n<title>Acrylic Acid Homopolymer | WT-445 - vcycletech<\/title>\n<meta name=\"description\" content=\"Get the perfect solution for Acrylic Acid Homopolymer | WT-445 with our revolutionary product!\" \/>\n<meta name=\"robots\" content=\"index, follow, max-snippet:-1, max-image-preview:large, max-video-preview:-1\" \/>\n<link rel=\"canonical\" href=\"https:\/\/vcycletech.com\/es\/producto\/homopolimero-de-acido-acrilico\/\" \/>\n<meta property=\"og:locale\" content=\"es_MX\" \/>\n<meta property=\"og:type\" content=\"article\" \/>\n<meta property=\"og:title\" content=\"Acrylic Acid Homopolymer | WT-445\" \/>\n<meta property=\"og:description\" content=\"Get the perfect solution for Acrylic Acid Homopolymer | WT-445 with our revolutionary product!\" \/>\n<meta property=\"og:url\" content=\"https:\/\/vcycletech.com\/es\/producto\/homopolimero-de-acido-acrilico\/\" \/>\n<meta property=\"og:site_name\" content=\"vcycletech\" \/>\n<meta property=\"article:modified_time\" content=\"2023-03-27T06:31:16+00:00\" \/>\n<meta property=\"og:image\" content=\"https:\/\/vcycletech.com\/wp-content\/uploads\/2023\/03\/1-19.png\" \/>\n\t<meta property=\"og:image:width\" content=\"600\" \/>\n\t<meta property=\"og:image:height\" content=\"600\" \/>\n\t<meta property=\"og:image:type\" content=\"image\/png\" \/>\n<meta name=\"twitter:card\" content=\"summary_large_image\" \/>\n<meta name=\"twitter:label1\" content=\"Tiempo de lectura\" \/>\n\t<meta name=\"twitter:data1\" content=\"3 minutos\" \/>\n<script type=\"application\/ld+json\" class=\"yoast-schema-graph\">{\"@context\":\"https:\\\/\\\/schema.org\",\"@graph\":[{\"@type\":\"WebPage\",\"@id\":\"https:\\\/\\\/vcycletech.com\\\/product\\\/acrylic-acid-homopolymer\\\/\",\"url\":\"https:\\\/\\\/vcycletech.com\\\/product\\\/acrylic-acid-homopolymer\\\/\",\"name\":\"Acrylic Acid Homopolymer | WT-445 - vcycletech\",\"isPartOf\":{\"@id\":\"https:\\\/\\\/vcycletech.com\\\/#website\"},\"primaryImageOfPage\":{\"@id\":\"https:\\\/\\\/vcycletech.com\\\/product\\\/acrylic-acid-homopolymer\\\/#primaryimage\"},\"image\":{\"@id\":\"https:\\\/\\\/vcycletech.com\\\/product\\\/acrylic-acid-homopolymer\\\/#primaryimage\"},\"thumbnailUrl\":\"https:\\\/\\\/vcycletech.com\\\/wp-content\\\/uploads\\\/2023\\\/03\\\/1-19.png\",\"datePublished\":\"2023-03-20T08:59:34+00:00\",\"dateModified\":\"2023-03-27T06:31:16+00:00\",\"description\":\"Get the perfect solution for Acrylic Acid Homopolymer | WT-445 with our revolutionary product!\",\"breadcrumb\":{\"@id\":\"https:\\\/\\\/vcycletech.com\\\/product\\\/acrylic-acid-homopolymer\\\/#breadcrumb\"},\"inLanguage\":\"es\",\"potentialAction\":[{\"@type\":\"ReadAction\",\"target\":[\"https:\\\/\\\/vcycletech.com\\\/product\\\/acrylic-acid-homopolymer\\\/\"]}]},{\"@type\":\"ImageObject\",\"inLanguage\":\"es\",\"@id\":\"https:\\\/\\\/vcycletech.com\\\/product\\\/acrylic-acid-homopolymer\\\/#primaryimage\",\"url\":\"https:\\\/\\\/vcycletech.com\\\/wp-content\\\/uploads\\\/2023\\\/03\\\/1-19.png\",\"contentUrl\":\"https:\\\/\\\/vcycletech.com\\\/wp-content\\\/uploads\\\/2023\\\/03\\\/1-19.png\",\"width\":600,\"height\":600,\"caption\":\"Acrylic Acid Homopolymer | WT-445\"},{\"@type\":\"BreadcrumbList\",\"@id\":\"https:\\\/\\\/vcycletech.com\\\/product\\\/acrylic-acid-homopolymer\\\/#breadcrumb\",\"itemListElement\":[{\"@type\":\"ListItem\",\"position\":1,\"name\":\"Home\",\"item\":\"https:\\\/\\\/vcycletech.com\\\/\"},{\"@type\":\"ListItem\",\"position\":2,\"name\":\"Water Treatment Chemicals Manufacturer\",\"item\":\"https:\\\/\\\/vcycletech.com\\\/water-treatment-chemicals-manufacturer\\\/\"},{\"@type\":\"ListItem\",\"position\":3,\"name\":\"Acrylic Acid Homopolymer | WT-445\"}]},{\"@type\":\"WebSite\",\"@id\":\"https:\\\/\\\/vcycletech.com\\\/#website\",\"url\":\"https:\\\/\\\/vcycletech.com\\\/\",\"name\":\"vcycletech\",\"description\":\"China&#039;s top water treatment chemicals supplier\",\"publisher\":{\"@id\":\"https:\\\/\\\/vcycletech.com\\\/#organization\"},\"potentialAction\":[{\"@type\":\"SearchAction\",\"target\":{\"@type\":\"EntryPoint\",\"urlTemplate\":\"https:\\\/\\\/vcycletech.com\\\/?s={search_term_string}\"},\"query-input\":{\"@type\":\"PropertyValueSpecification\",\"valueRequired\":true,\"valueName\":\"search_term_string\"}}],\"inLanguage\":\"es\"},{\"@type\":\"Organization\",\"@id\":\"https:\\\/\\\/vcycletech.com\\\/#organization\",\"name\":\"vcycletech\",\"url\":\"https:\\\/\\\/vcycletech.com\\\/\",\"logo\":{\"@type\":\"ImageObject\",\"inLanguage\":\"es\",\"@id\":\"https:\\\/\\\/vcycletech.com\\\/#\\\/schema\\\/logo\\\/image\\\/\",\"url\":\"https:\\\/\\\/vcycletech.com\\\/wp-content\\\/uploads\\\/2023\\\/03\\\/logo-vcycletech-1.png\",\"contentUrl\":\"https:\\\/\\\/vcycletech.com\\\/wp-content\\\/uploads\\\/2023\\\/03\\\/logo-vcycletech-1.png\",\"width\":600,\"height\":400,\"caption\":\"vcycletech\"},\"image\":{\"@id\":\"https:\\\/\\\/vcycletech.com\\\/#\\\/schema\\\/logo\\\/image\\\/\"}}]}<\/script>\n<!-- \/ Yoast SEO Premium plugin. -->","yoast_head_json":{"title":"Homopol\u00edmero de \u00e1cido acr\u00edlico | WT-445 - vcycletech","description":"Obtenga la soluci\u00f3n perfecta para Homopol\u00edmero de \u00e1cido acr\u00edlico | WT-445 con nuestro revolucionario producto!","robots":{"index":"index","follow":"follow","max-snippet":"max-snippet:-1","max-image-preview":"max-image-preview:large","max-video-preview":"max-video-preview:-1"},"canonical":"https:\/\/vcycletech.com\/es\/producto\/homopolimero-de-acido-acrilico\/","og_locale":"es_MX","og_type":"article","og_title":"Acrylic Acid Homopolymer | WT-445","og_description":"Get the perfect solution for Acrylic Acid Homopolymer | WT-445 with our revolutionary product!","og_url":"https:\/\/vcycletech.com\/es\/producto\/homopolimero-de-acido-acrilico\/","og_site_name":"vcycletech","article_modified_time":"2023-03-27T06:31:16+00:00","og_image":[{"width":600,"height":600,"url":"https:\/\/vcycletech.com\/wp-content\/uploads\/2023\/03\/1-19.png","type":"image\/png"}],"twitter_card":"summary_large_image","twitter_misc":{"Tiempo de lectura":"3 minutos"},"schema":{"@context":"https:\/\/schema.org","@graph":[{"@type":"WebPage","@id":"https:\/\/vcycletech.com\/product\/acrylic-acid-homopolymer\/","url":"https:\/\/vcycletech.com\/product\/acrylic-acid-homopolymer\/","name":"Homopol\u00edmero de \u00e1cido acr\u00edlico | WT-445 - vcycletech","isPartOf":{"@id":"https:\/\/vcycletech.com\/#website"},"primaryImageOfPage":{"@id":"https:\/\/vcycletech.com\/product\/acrylic-acid-homopolymer\/#primaryimage"},"image":{"@id":"https:\/\/vcycletech.com\/product\/acrylic-acid-homopolymer\/#primaryimage"},"thumbnailUrl":"https:\/\/vcycletech.com\/wp-content\/uploads\/2023\/03\/1-19.png","datePublished":"2023-03-20T08:59:34+00:00","dateModified":"2023-03-27T06:31:16+00:00","description":"Obtenga la soluci\u00f3n perfecta para Homopol\u00edmero de \u00e1cido acr\u00edlico | WT-445 con nuestro revolucionario producto!","breadcrumb":{"@id":"https:\/\/vcycletech.com\/product\/acrylic-acid-homopolymer\/#breadcrumb"},"inLanguage":"es","potentialAction":[{"@type":"ReadAction","target":["https:\/\/vcycletech.com\/product\/acrylic-acid-homopolymer\/"]}]},{"@type":"ImageObject","inLanguage":"es","@id":"https:\/\/vcycletech.com\/product\/acrylic-acid-homopolymer\/#primaryimage","url":"https:\/\/vcycletech.com\/wp-content\/uploads\/2023\/03\/1-19.png","contentUrl":"https:\/\/vcycletech.com\/wp-content\/uploads\/2023\/03\/1-19.png","width":600,"height":600,"caption":"Acrylic Acid Homopolymer | WT-445"},{"@type":"BreadcrumbList","@id":"https:\/\/vcycletech.com\/product\/acrylic-acid-homopolymer\/#breadcrumb","itemListElement":[{"@type":"ListItem","position":1,"name":"Home","item":"https:\/\/vcycletech.com\/"},{"@type":"ListItem","position":2,"name":"Water Treatment Chemicals Manufacturer","item":"https:\/\/vcycletech.com\/water-treatment-chemicals-manufacturer\/"},{"@type":"ListItem","position":3,"name":"Acrylic Acid Homopolymer | WT-445"}]},{"@type":"WebSite","@id":"https:\/\/vcycletech.com\/#website","url":"https:\/\/vcycletech.com\/","name":"vcycletech","description":"El principal proveedor de productos qu\u00edmicos para el tratamiento del agua de China y #039;","publisher":{"@id":"https:\/\/vcycletech.com\/#organization"},"potentialAction":[{"@type":"SearchAction","target":{"@type":"EntryPoint","urlTemplate":"https:\/\/vcycletech.com\/?s={search_term_string}"},"query-input":{"@type":"PropertyValueSpecification","valueRequired":true,"valueName":"search_term_string"}}],"inLanguage":"es"},{"@type":"Organization","@id":"https:\/\/vcycletech.com\/#organization","name":"vcycletech","url":"https:\/\/vcycletech.com\/","logo":{"@type":"ImageObject","inLanguage":"es","@id":"https:\/\/vcycletech.com\/#\/schema\/logo\/image\/","url":"https:\/\/vcycletech.com\/wp-content\/uploads\/2023\/03\/logo-vcycletech-1.png","contentUrl":"https:\/\/vcycletech.com\/wp-content\/uploads\/2023\/03\/logo-vcycletech-1.png","width":600,"height":400,"caption":"vcycletech"},"image":{"@id":"https:\/\/vcycletech.com\/#\/schema\/logo\/image\/"}}]}},"_links":{"self":[{"href":"https:\/\/vcycletech.com\/es\/wp-json\/wp\/v2\/product\/1000","targetHints":{"allow":["GET"]}}],"collection":[{"href":"https:\/\/vcycletech.com\/es\/wp-json\/wp\/v2\/product"}],"about":[{"href":"https:\/\/vcycletech.com\/es\/wp-json\/wp\/v2\/types\/product"}],"wp:featuredmedia":[{"embeddable":true,"href":"https:\/\/vcycletech.com\/es\/wp-json\/wp\/v2\/media\/1004"}],"wp:attachment":[{"href":"https:\/\/vcycletech.com\/es\/wp-json\/wp\/v2\/media?parent=1000"}],"wp:term":[{"taxonomy":"product_brand","embeddable":true,"href":"https:\/\/vcycletech.com\/es\/wp-json\/wp\/v2\/product_brand?post=1000"},{"taxonomy":"product_cat","embeddable":true,"href":"https:\/\/vcycletech.com\/es\/wp-json\/wp\/v2\/product_cat?post=1000"},{"taxonomy":"product_tag","embeddable":true,"href":"https:\/\/vcycletech.com\/es\/wp-json\/wp\/v2\/product_tag?post=1000"}],"curies":[{"name":"wp","href":"https:\/\/api.w.org\/{rel}","templated":true}]}}